{"id":1906,"date":"2022-01-29T09:15:36","date_gmt":"2022-01-29T08:15:36","guid":{"rendered":"https:\/\/lightmienergy.be\/?page_id=1906"},"modified":"2022-03-01T20:32:54","modified_gmt":"2022-03-01T19:32:54","slug":"ventouses","status":"publish","type":"page","link":"https:\/\/lightmienergy.be\/index.php\/ventouses\/","title":{"rendered":"Ventouses"},"content":{"rendered":"<p>[vc_row content_placement=\u00a0\u00bbmiddle\u00a0\u00bb][vc_column width=\u00a0\u00bb5\/12&Prime; icons_position=\u00a0\u00bbleft\u00a0\u00bb]<div id=\"sc_title_2095907803\"\n\t\tclass=\"sc_title color_style_default sc_title_default\"><h6 class=\"sc_item_subtitle sc_title_subtitle sc_align_center sc_item_title_style_default\">Bien \u00eatre<\/h6><h2 class=\"sc_item_title sc_title_title sc_align_center sc_item_title_style_default sc_item_title_tag\">Ventouses<\/h2><\/div><!-- \/.sc_title -->[vc_empty_space height=\u00a0\u00bb\u00a0\u00bb alter_height=\u00a0\u00bbsmall\u00a0\u00bb hide_on_desktop=\u00a0\u00bb\u00a0\u00bb hide_on_notebook=\u00a0\u00bb\u00a0\u00bb hide_on_tablet=\u00a0\u00bb\u00a0\u00bb hide_on_mobile=\u00a0\u00bb\u00a0\u00bb][vc_column_text]<strong>R\u00e9gule et d\u00e9gage les circuits de communication \u00e9nerg\u00e9tique<\/strong>[\/vc_column_text][\/vc_column][vc_column width=\u00a0\u00bb7\/12&Prime; icons_position=\u00a0\u00bbleft\u00a0\u00bb][vc_row_inner][vc_column_inner width=\u00a0\u00bb1\/2&Prime; icons_position=\u00a0\u00bbleft\u00a0\u00bb][vc_empty_space height=\u00a0\u00bb\u00a0\u00bb alter_height=\u00a0\u00bbmedium\u00a0\u00bb hide_on_desktop=\u00a0\u00bb\u00a0\u00bb hide_on_notebook=\u00a0\u00bb\u00a0\u00bb hide_on_tablet=\u00a0\u00bb\u00a0\u00bb hide_on_mobile=\u00a0\u00bb\u00a0\u00bb][vc_single_image image=\u00a0\u00bb2004&Prime; img_size=\u00a0\u00bblarge\u00a0\u00bb alignment=\u00a0\u00bbcenter\u00a0\u00bb style=\u00a0\u00bbvc_box_border\u00a0\u00bb border_color=\u00a0\u00bbwhite\u00a0\u00bb][\/vc_column_inner][vc_column_inner width=\u00a0\u00bb1\/2&Prime; icons_position=\u00a0\u00bbleft\u00a0\u00bb][vc_empty_space height=\u00a0\u00bb\u00a0\u00bb alter_height=\u00a0\u00bbmedium\u00a0\u00bb hide_on_desktop=\u00a0\u00bb\u00a0\u00bb hide_on_notebook=\u00a0\u00bb\u00a0\u00bb hide_on_tablet=\u00a0\u00bb\u00a0\u00bb hide_on_mobile=\u00a0\u00bb\u00a0\u00bb][vc_single_image image=\u00a0\u00bb2005&Prime; img_size=\u00a0\u00bblarge\u00a0\u00bb alignment=\u00a0\u00bbcenter\u00a0\u00bb style=\u00a0\u00bbvc_box_border\u00a0\u00bb border_color=\u00a0\u00bbwhite\u00a0\u00bb][\/vc_column_inner][\/vc_row_inner][vc_empty_space height=\u00a0\u00bb\u00a0\u00bb alter_height=\u00a0\u00bbmedium\u00a0\u00bb hide_on_desktop=\u00a0\u00bb\u00a0\u00bb hide_on_notebook=\u00a0\u00bb\u00a0\u00bb hide_on_tablet=\u00a0\u00bb\u00a0\u00bb hide_on_mobile=\u00a0\u00bb\u00a0\u00bb][\/vc_column][\/vc_row][vc_row][vc_column icons_position=\u00a0\u00bbleft\u00a0\u00bb][vc_empty_space height=\u00a0\u00bb\u00a0\u00bb alter_height=\u00a0\u00bblarge\u00a0\u00bb hide_on_desktop=\u00a0\u00bb\u00a0\u00bb hide_on_notebook=\u00a0\u00bb\u00a0\u00bb hide_on_tablet=\u00a0\u00bb\u00a0\u00bb hide_on_mobile=\u00a0\u00bb\u00a0\u00bb][vc_column_text]<\/p>\n<h2 style=\"text-align: center;\">Le soin aux ventouses, c&rsquo;est quoi ?<\/h2>\n<p>[\/vc_column_text][vc_empty_space height=\u00a0\u00bb\u00a0\u00bb alter_height=\u00a0\u00bbmedium\u00a0\u00bb hide_on_desktop=\u00a0\u00bb\u00a0\u00bb hide_on_notebook=\u00a0\u00bb\u00a0\u00bb hide_on_tablet=\u00a0\u00bb\u00a0\u00bb hide_on_mobile=\u00a0\u00bb\u00a0\u00bb][vc_tta_accordion active_section=\u00a0\u00bb0&Prime;][vc_tta_section title=\u00a0\u00bbLES VENTOUSES ET SES INDICATIONS\u00a0\u00bb tab_id=\u00a0\u00bb1643300674143-2158fa78-b074&Prime;][vc_column_text]<\/p>\n<p style=\"text-align: justify;\">On applique les ventouses sur des points acupuncture bien pr\u00e9cis ou on peut aussi travailler certaines zones.<br \/>\nLes ventouses ont une action globale et locale sur le corps, elles r\u00e9gulent, r\u00e9chauffent les flux de l\u2019\u00e9nergie et du sang, d\u00e9gagent les circuits de communications \u00e9nerg\u00e9tique et de liaisons, enl\u00e8vent les tensions, agissent sur les tendinites, les contractures musculaires, d\u00e9gagent les bronches, stoppent les douleurs etc.<\/p>\n<p>[\/vc_column_text][\/vc_tta_section][\/vc_tta_accordion][vc_empty_space height=\u00a0\u00bb\u00a0\u00bb alter_height=\u00a0\u00bbmedium\u00a0\u00bb hide_on_desktop=\u00a0\u00bb\u00a0\u00bb hide_on_notebook=\u00a0\u00bb\u00a0\u00bb hide_on_tablet=\u00a0\u00bb\u00a0\u00bb hide_on_mobile=\u00a0\u00bb\u00a0\u00bb][\/vc_column][\/vc_row][vc_row][vc_column icons_position=\u00a0\u00bbleft\u00a0\u00bb]<div id=\"sc_title_496549216\"\n\t\tclass=\"sc_title color_style_default sc_title_default\"><h6 class=\"sc_item_subtitle sc_title_subtitle sc_align_center sc_item_title_style_default\">Votre soin<\/h6><h2 class=\"sc_item_title sc_title_title sc_align_center sc_item_title_style_default sc_item_title_tag\">Le tarif<\/h2><\/div><!-- \/.sc_title -->[vc_empty_space height=\u00a0\u00bb1em\u00a0\u00bb alter_height=\u00a0\u00bbnone\u00a0\u00bb hide_on_desktop=\u00a0\u00bb\u00a0\u00bb hide_on_notebook=\u00a0\u00bb\u00a0\u00bb hide_on_tablet=\u00a0\u00bb\u00a0\u00bb hide_on_mobile=\u00a0\u00bb\u00a0\u00bb][vc_empty_space height=\u00a0\u00bb2em\u00a0\u00bb alter_height=\u00a0\u00bbnone\u00a0\u00bb hide_on_desktop=\u00a0\u00bb\u00a0\u00bb hide_on_notebook=\u00a0\u00bb\u00a0\u00bb hide_on_tablet=\u00a0\u00bb\u00a0\u00bb hide_on_mobile=\u00a0\u00bb1&Prime;]<div id=\"sc_services_1318444100\" class=\"sc_services color_style_default sc_services_list sc_services_featured_top\"><div class=\"sc_services_content sc_item_content sc_item_columns_1\"><div class=\"sc_services_item without_content sc_services_item_featured_none\">\n\t\t\n\t<div class=\"sc_services_item_info\">\n\t\t<div class=\"sc_services_item_header\">\n\t\t\t<h6 class=\"sc_services_item_title\"><a href=\"https:\/\/lightmienergy.be\/index.php\/services\/hot-stone-massage\/\">Ventouses<\/a><\/h6>\n                            <div class=\"sc_services_item_price\">30\u20ac<\/div>\n            \t\t<\/div>\n\t\t\t<\/div>\n<\/div>\n<\/div><\/div><!-- \/.sc_services -->[vc_empty_space height=\u00a0\u00bb2em\u00a0\u00bb alter_height=\u00a0\u00bbnone\u00a0\u00bb hide_on_desktop=\u00a0\u00bb\u00a0\u00bb hide_on_notebook=\u00a0\u00bb\u00a0\u00bb hide_on_tablet=\u00a0\u00bb\u00a0\u00bb hide_on_mobile=\u00a0\u00bb1&Prime;]<div class=\"sc_item_button sc_button_wrap sc_align_center\"><a href=\"https:\/\/lightmienergy.be\/index.php\/contacts\/\" id=\"sc_button_481398607\" class=\"sc_button color_style_default sc_button_default sc_button_size_normal sc_button_icon_left\"><span class=\"sc_button_text\"><span class=\"sc_button_title\">Demander un soin<\/span><\/span><!-- \/.sc_button_text --><\/a><!-- \/.sc_button --><\/div><!-- \/.sc_item_button -->[\/vc_column][\/vc_row][vc_row][vc_column icons_position=\u00a0\u00bbleft\u00a0\u00bb][vc_empty_space height=\u00a0\u00bb2em\u00a0\u00bb alter_height=\u00a0\u00bblarge\u00a0\u00bb hide_on_desktop=\u00a0\u00bb\u00a0\u00bb hide_on_notebook=\u00a0\u00bb\u00a0\u00bb hide_on_tablet=\u00a0\u00bb\u00a0\u00bb hide_on_mobile=\u00a0\u00bb\u00a0\u00bb]<div id=\"sc_title_1248038744\"\n\t\tclass=\"sc_title color_style_default sc_title_default\"><h6 class=\"sc_item_subtitle sc_title_subtitle sc_align_center sc_item_title_style_default\">D\u00e9couvrir<\/h6><h2 class=\"sc_item_title sc_title_title sc_align_center sc_item_title_style_default sc_item_title_tag\">La M\u00e9decine Traditionnelle Chinoise<\/h2><\/div><!-- \/.sc_title -->[\/vc_column][\/vc_row][vc_row full_width=\u00a0\u00bbstretch_row\u00a0\u00bb hide_bg_image_on_tablet=\u00a0\u00bb\u00a0\u00bb hide_bg_image_on_mobile=\u00a0\u00bb\u00a0\u00bb][vc_column width=\u00a0\u00bb1\/12&Prime; icons_position=\u00a0\u00bbleft\u00a0\u00bb][\/vc_column][vc_column width=\u00a0\u00bb11\/12&Prime; hide_bg_image_on_tablet=\u00a0\u00bb\u00a0\u00bb hide_bg_image_on_mobile=\u00a0\u00bb\u00a0\u00bb icons_position=\u00a0\u00bbleft\u00a0\u00bb][vc_empty_space height=\u00a0\u00bb4em\u00a0\u00bb alter_height=\u00a0\u00bbmedium\u00a0\u00bb hide_on_desktop=\u00a0\u00bb\u00a0\u00bb hide_on_notebook=\u00a0\u00bb\u00a0\u00bb hide_on_tablet=\u00a0\u00bb\u00a0\u00bb hide_on_mobile=\u00a0\u00bb1&Prime;][vc_gallery type=\u00a0\u00bbimage_grid\u00a0\u00bb images=\u00a0\u00bb1990,1987,1961,1959,1958,1957,1956,1955,1954,1953,1952,1951,1950&Prime; img_size=\u00a0\u00bbmedium\u00a0\u00bb el_class=\u00a0\u00bbcenter\u00a0\u00bb][vc_empty_space height=\u00a0\u00bb3em\u00a0\u00bb alter_height=\u00a0\u00bblarge\u00a0\u00bb hide_on_desktop=\u00a0\u00bb\u00a0\u00bb hide_on_notebook=\u00a0\u00bb\u00a0\u00bb hide_on_tablet=\u00a0\u00bb\u00a0\u00bb hide_on_mobile=\u00a0\u00bb\u00a0\u00bb][\/vc_column][\/vc_row]<\/p>\n","protected":false},"excerpt":{"rendered":"<p>[vc_row content_placement=\u00a0\u00bbmiddle\u00a0\u00bb][vc_column width=\u00a0\u00bb5\/12&Prime; icons_position=\u00a0\u00bbleft\u00a0\u00bb][vc_empty_space height=\u00a0\u00bb\u00a0\u00bb alter_height=\u00a0\u00bbsmall\u00a0\u00bb hide_on_desktop=\u00a0\u00bb\u00a0\u00bb hide_on_notebook=\u00a0\u00bb\u00a0\u00bb hide_on_tablet=\u00a0\u00bb\u00a0\u00bb hide_on_mobile=\u00a0\u00bb\u00a0\u00bb][vc_column_text]R\u00e9gule et d\u00e9gage les circuits de communication \u00e9nerg\u00e9tique[\/vc_column_text][\/vc_column][vc_column width=\u00a0\u00bb7\/12&Prime; icons_position=\u00a0\u00bbleft\u00a0\u00bb][vc_row_inner][vc_column_inner width=\u00a0\u00bb1\/2&Prime; icons_position=\u00a0\u00bbleft\u00a0\u00bb][vc_empty_space height=\u00a0\u00bb\u00a0\u00bb alter_height=\u00a0\u00bbmedium\u00a0\u00bb hide_on_desktop=\u00a0\u00bb\u00a0\u00bb hide_on_notebook=\u00a0\u00bb\u00a0\u00bb hide_on_tablet=\u00a0\u00bb\u00a0\u00bb hide_on_mobile=\u00a0\u00bb\u00a0\u00bb][vc_single_image image=\u00a0\u00bb2004&Prime; img_size=\u00a0\u00bblarge\u00a0\u00bb alignment=\u00a0\u00bbcenter\u00a0\u00bb style=\u00a0\u00bbvc_box_border\u00a0\u00bb border_color=\u00a0\u00bbwhite\u00a0\u00bb][\/vc_column_inner][vc_column_inner width=\u00a0\u00bb1\/2&Prime; icons_position=\u00a0\u00bbleft\u00a0\u00bb][vc_empty_space height=\u00a0\u00bb\u00a0\u00bb alter_height=\u00a0\u00bbmedium\u00a0\u00bb hide_on_desktop=\u00a0\u00bb\u00a0\u00bb hide_on_notebook=\u00a0\u00bb\u00a0\u00bb hide_on_tablet=\u00a0\u00bb\u00a0\u00bb hide_on_mobile=\u00a0\u00bb\u00a0\u00bb][vc_single_image image=\u00a0\u00bb2005&Prime; img_size=\u00a0\u00bblarge\u00a0\u00bb alignment=\u00a0\u00bbcenter\u00a0\u00bb style=\u00a0\u00bbvc_box_border\u00a0\u00bb border_color=\u00a0\u00bbwhite\u00a0\u00bb][\/vc_column_inner][\/vc_row_inner][vc_empty_space height=\u00a0\u00bb\u00a0\u00bb alter_height=\u00a0\u00bbmedium\u00a0\u00bb hide_on_desktop=\u00a0\u00bb\u00a0\u00bb hide_on_notebook=\u00a0\u00bb\u00a0\u00bb hide_on_tablet=\u00a0\u00bb\u00a0\u00bb hide_on_mobile=\u00a0\u00bb\u00a0\u00bb][\/vc_column][\/vc_row][vc_row][vc_column icons_position=\u00a0\u00bbleft\u00a0\u00bb][vc_empty_space height=\u00a0\u00bb\u00a0\u00bb alter_height=\u00a0\u00bblarge\u00a0\u00bb hide_on_desktop=\u00a0\u00bb\u00a0\u00bb hide_on_notebook=\u00a0\u00bb\u00a0\u00bb hide_on_tablet=\u00a0\u00bb\u00a0\u00bb hide_on_mobile=\u00a0\u00bb\u00a0\u00bb][vc_column_text] Le soin&hellip;<\/p>\n","protected":false},"author":1,"featured_media":0,"parent":0,"menu_order":0,"comment_status":"closed","ping_status":"closed","template":"","meta":[],"yoast_head":"<!-- This site is optimized with the Yoast SEO plugin v19.7.1 - https:\/\/yoast.com\/wordpress\/plugins\/seo\/ -->\n<title>Ventouses - Light Mi \u2019 Energy<\/title>\n<meta name=\"robots\" content=\"index, follow, max-snippet:-1, max-image-preview:large, max-video-preview:-1\" \/>\n<link rel=\"canonical\" href=\"https:\/\/lightmienergy.be\/index.php\/ventouses\/\" \/>\n<meta property=\"og:locale\" content=\"fr_FR\" \/>\n<meta property=\"og:type\" content=\"article\" \/>\n<meta property=\"og:title\" content=\"Ventouses - Light Mi \u2019 Energy\" \/>\n<meta property=\"og:description\" content=\"[vc_row content_placement=\u00a0\u00bbmiddle\u00a0\u00bb][vc_column width=\u00a0\u00bb5\/12&Prime; icons_position=\u00a0\u00bbleft\u00a0\u00bb][vc_empty_space height=\u00a0\u00bb\u00a0\u00bb alter_height=\u00a0\u00bbsmall\u00a0\u00bb hide_on_desktop=\u00a0\u00bb\u00a0\u00bb hide_on_notebook=\u00a0\u00bb\u00a0\u00bb hide_on_tablet=\u00a0\u00bb\u00a0\u00bb hide_on_mobile=\u00a0\u00bb\u00a0\u00bb][vc_column_text]R\u00e9gule et d\u00e9gage les circuits de communication \u00e9nerg\u00e9tique[\/vc_column_text][\/vc_column][vc_column width=\u00a0\u00bb7\/12&Prime; icons_position=\u00a0\u00bbleft\u00a0\u00bb][vc_row_inner][vc_column_inner width=\u00a0\u00bb1\/2&Prime; icons_position=\u00a0\u00bbleft\u00a0\u00bb][vc_empty_space height=\u00a0\u00bb\u00a0\u00bb alter_height=\u00a0\u00bbmedium\u00a0\u00bb hide_on_desktop=\u00a0\u00bb\u00a0\u00bb hide_on_notebook=\u00a0\u00bb\u00a0\u00bb hide_on_tablet=\u00a0\u00bb\u00a0\u00bb hide_on_mobile=\u00a0\u00bb\u00a0\u00bb][vc_single_image image=\u00a0\u00bb2004&Prime; img_size=\u00a0\u00bblarge\u00a0\u00bb alignment=\u00a0\u00bbcenter\u00a0\u00bb style=\u00a0\u00bbvc_box_border\u00a0\u00bb border_color=\u00a0\u00bbwhite\u00a0\u00bb][\/vc_column_inner][vc_column_inner width=\u00a0\u00bb1\/2&Prime; icons_position=\u00a0\u00bbleft\u00a0\u00bb][vc_empty_space height=\u00a0\u00bb\u00a0\u00bb alter_height=\u00a0\u00bbmedium\u00a0\u00bb hide_on_desktop=\u00a0\u00bb\u00a0\u00bb hide_on_notebook=\u00a0\u00bb\u00a0\u00bb hide_on_tablet=\u00a0\u00bb\u00a0\u00bb hide_on_mobile=\u00a0\u00bb\u00a0\u00bb][vc_single_image image=\u00a0\u00bb2005&Prime; img_size=\u00a0\u00bblarge\u00a0\u00bb alignment=\u00a0\u00bbcenter\u00a0\u00bb style=\u00a0\u00bbvc_box_border\u00a0\u00bb border_color=\u00a0\u00bbwhite\u00a0\u00bb][\/vc_column_inner][\/vc_row_inner][vc_empty_space height=\u00a0\u00bb\u00a0\u00bb alter_height=\u00a0\u00bbmedium\u00a0\u00bb hide_on_desktop=\u00a0\u00bb\u00a0\u00bb hide_on_notebook=\u00a0\u00bb\u00a0\u00bb hide_on_tablet=\u00a0\u00bb\u00a0\u00bb hide_on_mobile=\u00a0\u00bb\u00a0\u00bb][\/vc_column][\/vc_row][vc_row][vc_column icons_position=\u00a0\u00bbleft\u00a0\u00bb][vc_empty_space height=\u00a0\u00bb\u00a0\u00bb alter_height=\u00a0\u00bblarge\u00a0\u00bb hide_on_desktop=\u00a0\u00bb\u00a0\u00bb hide_on_notebook=\u00a0\u00bb\u00a0\u00bb hide_on_tablet=\u00a0\u00bb\u00a0\u00bb hide_on_mobile=\u00a0\u00bb\u00a0\u00bb][vc_column_text] Le soin&hellip;\" \/>\n<meta property=\"og:url\" content=\"https:\/\/lightmienergy.be\/index.php\/ventouses\/\" \/>\n<meta property=\"og:site_name\" content=\"Light Mi \u2019 Energy\" \/>\n<meta property=\"article:publisher\" content=\"https:\/\/www.facebook.com\/mireille.light.mi.energy\/\" \/>\n<meta property=\"article:modified_time\" content=\"2022-03-01T19:32:54+00:00\" \/>\n<meta name=\"twitter:card\" content=\"summary_large_image\" \/>\n<meta name=\"twitter:label1\" content=\"Dur\u00e9e de lecture estim\u00e9e\" \/>\n\t<meta name=\"twitter:data1\" content=\"3 minutes\" \/>\n<script type=\"application\/ld+json\" class=\"yoast-schema-graph\">{\"@context\":\"https:\/\/schema.org\",\"@graph\":[{\"@type\":\"WebPage\",\"@id\":\"https:\/\/lightmienergy.be\/index.php\/ventouses\/\",\"url\":\"https:\/\/lightmienergy.be\/index.php\/ventouses\/\",\"name\":\"Ventouses - Light Mi \u2019 Energy\",\"isPartOf\":{\"@id\":\"https:\/\/lightmienergy.be\/#website\"},\"datePublished\":\"2022-01-29T08:15:36+00:00\",\"dateModified\":\"2022-03-01T19:32:54+00:00\",\"breadcrumb\":{\"@id\":\"https:\/\/lightmienergy.be\/index.php\/ventouses\/#breadcrumb\"},\"inLanguage\":\"fr-FR\",\"potentialAction\":[{\"@type\":\"ReadAction\",\"target\":[\"https:\/\/lightmienergy.be\/index.php\/ventouses\/\"]}]},{\"@type\":\"BreadcrumbList\",\"@id\":\"https:\/\/lightmienergy.be\/index.php\/ventouses\/#breadcrumb\",\"itemListElement\":[{\"@type\":\"ListItem\",\"position\":1,\"name\":\"Accueil\",\"item\":\"https:\/\/lightmienergy.be\/\"},{\"@type\":\"ListItem\",\"position\":2,\"name\":\"Ventouses\"}]},{\"@type\":\"WebSite\",\"@id\":\"https:\/\/lightmienergy.be\/#website\",\"url\":\"https:\/\/lightmienergy.be\/\",\"name\":\"Light Mi \u2019 Energy\",\"description\":\"M\u00e9decine traditionnelle chinoise et \u00e9nerg\u00e9tique\",\"publisher\":{\"@id\":\"https:\/\/lightmienergy.be\/#organization\"},\"potentialAction\":[{\"@type\":\"SearchAction\",\"target\":{\"@type\":\"EntryPoint\",\"urlTemplate\":\"https:\/\/lightmienergy.be\/?s={search_term_string}\"},\"query-input\":\"required name=search_term_string\"}],\"inLanguage\":\"fr-FR\"},{\"@type\":\"Organization\",\"@id\":\"https:\/\/lightmienergy.be\/#organization\",\"name\":\"Light Mi \u2019 Energy\",\"url\":\"https:\/\/lightmienergy.be\/\",\"sameAs\":[\"https:\/\/www.facebook.com\/mireille.light.mi.energy\/\"],\"logo\":{\"@type\":\"ImageObject\",\"inLanguage\":\"fr-FR\",\"@id\":\"https:\/\/lightmienergy.be\/#\/schema\/logo\/image\/\",\"url\":\"https:\/\/lightmienergy.be\/wp-content\/uploads\/2021\/09\/cropped-cropped-logo-arnaud.png\",\"contentUrl\":\"https:\/\/lightmienergy.be\/wp-content\/uploads\/2021\/09\/cropped-cropped-logo-arnaud.png\",\"width\":512,\"height\":512,\"caption\":\"Light  Mi \u2019 Energy\"},\"image\":{\"@id\":\"https:\/\/lightmienergy.be\/#\/schema\/logo\/image\/\"}}]}<\/script>\n<!-- \/ Yoast SEO plugin. -->","yoast_head_json":{"title":"Ventouses - Light Mi \u2019 Energy","robots":{"index":"index","follow":"follow","max-snippet":"max-snippet:-1","max-image-preview":"max-image-preview:large","max-video-preview":"max-video-preview:-1"},"canonical":"https:\/\/lightmienergy.be\/index.php\/ventouses\/","og_locale":"fr_FR","og_type":"article","og_title":"Ventouses - Light Mi \u2019 Energy","og_description":"[vc_row content_placement=\u00a0\u00bbmiddle\u00a0\u00bb][vc_column width=\u00a0\u00bb5\/12&Prime; icons_position=\u00a0\u00bbleft\u00a0\u00bb][vc_empty_space height=\u00a0\u00bb\u00a0\u00bb alter_height=\u00a0\u00bbsmall\u00a0\u00bb hide_on_desktop=\u00a0\u00bb\u00a0\u00bb hide_on_notebook=\u00a0\u00bb\u00a0\u00bb hide_on_tablet=\u00a0\u00bb\u00a0\u00bb hide_on_mobile=\u00a0\u00bb\u00a0\u00bb][vc_column_text]R\u00e9gule et d\u00e9gage les circuits de communication \u00e9nerg\u00e9tique[\/vc_column_text][\/vc_column][vc_column width=\u00a0\u00bb7\/12&Prime; icons_position=\u00a0\u00bbleft\u00a0\u00bb][vc_row_inner][vc_column_inner width=\u00a0\u00bb1\/2&Prime; icons_position=\u00a0\u00bbleft\u00a0\u00bb][vc_empty_space height=\u00a0\u00bb\u00a0\u00bb alter_height=\u00a0\u00bbmedium\u00a0\u00bb hide_on_desktop=\u00a0\u00bb\u00a0\u00bb hide_on_notebook=\u00a0\u00bb\u00a0\u00bb hide_on_tablet=\u00a0\u00bb\u00a0\u00bb hide_on_mobile=\u00a0\u00bb\u00a0\u00bb][vc_single_image image=\u00a0\u00bb2004&Prime; img_size=\u00a0\u00bblarge\u00a0\u00bb alignment=\u00a0\u00bbcenter\u00a0\u00bb style=\u00a0\u00bbvc_box_border\u00a0\u00bb border_color=\u00a0\u00bbwhite\u00a0\u00bb][\/vc_column_inner][vc_column_inner width=\u00a0\u00bb1\/2&Prime; icons_position=\u00a0\u00bbleft\u00a0\u00bb][vc_empty_space height=\u00a0\u00bb\u00a0\u00bb alter_height=\u00a0\u00bbmedium\u00a0\u00bb hide_on_desktop=\u00a0\u00bb\u00a0\u00bb hide_on_notebook=\u00a0\u00bb\u00a0\u00bb hide_on_tablet=\u00a0\u00bb\u00a0\u00bb hide_on_mobile=\u00a0\u00bb\u00a0\u00bb][vc_single_image image=\u00a0\u00bb2005&Prime; img_size=\u00a0\u00bblarge\u00a0\u00bb alignment=\u00a0\u00bbcenter\u00a0\u00bb style=\u00a0\u00bbvc_box_border\u00a0\u00bb border_color=\u00a0\u00bbwhite\u00a0\u00bb][\/vc_column_inner][\/vc_row_inner][vc_empty_space height=\u00a0\u00bb\u00a0\u00bb alter_height=\u00a0\u00bbmedium\u00a0\u00bb hide_on_desktop=\u00a0\u00bb\u00a0\u00bb hide_on_notebook=\u00a0\u00bb\u00a0\u00bb hide_on_tablet=\u00a0\u00bb\u00a0\u00bb hide_on_mobile=\u00a0\u00bb\u00a0\u00bb][\/vc_column][\/vc_row][vc_row][vc_column icons_position=\u00a0\u00bbleft\u00a0\u00bb][vc_empty_space height=\u00a0\u00bb\u00a0\u00bb alter_height=\u00a0\u00bblarge\u00a0\u00bb hide_on_desktop=\u00a0\u00bb\u00a0\u00bb hide_on_notebook=\u00a0\u00bb\u00a0\u00bb hide_on_tablet=\u00a0\u00bb\u00a0\u00bb hide_on_mobile=\u00a0\u00bb\u00a0\u00bb][vc_column_text] Le soin&hellip;","og_url":"https:\/\/lightmienergy.be\/index.php\/ventouses\/","og_site_name":"Light Mi \u2019 Energy","article_publisher":"https:\/\/www.facebook.com\/mireille.light.mi.energy\/","article_modified_time":"2022-03-01T19:32:54+00:00","twitter_card":"summary_large_image","twitter_misc":{"Dur\u00e9e de lecture estim\u00e9e":"3 minutes"},"schema":{"@context":"https:\/\/schema.org","@graph":[{"@type":"WebPage","@id":"https:\/\/lightmienergy.be\/index.php\/ventouses\/","url":"https:\/\/lightmienergy.be\/index.php\/ventouses\/","name":"Ventouses - Light Mi \u2019 Energy","isPartOf":{"@id":"https:\/\/lightmienergy.be\/#website"},"datePublished":"2022-01-29T08:15:36+00:00","dateModified":"2022-03-01T19:32:54+00:00","breadcrumb":{"@id":"https:\/\/lightmienergy.be\/index.php\/ventouses\/#breadcrumb"},"inLanguage":"fr-FR","potentialAction":[{"@type":"ReadAction","target":["https:\/\/lightmienergy.be\/index.php\/ventouses\/"]}]},{"@type":"BreadcrumbList","@id":"https:\/\/lightmienergy.be\/index.php\/ventouses\/#breadcrumb","itemListElement":[{"@type":"ListItem","position":1,"name":"Accueil","item":"https:\/\/lightmienergy.be\/"},{"@type":"ListItem","position":2,"name":"Ventouses"}]},{"@type":"WebSite","@id":"https:\/\/lightmienergy.be\/#website","url":"https:\/\/lightmienergy.be\/","name":"Light Mi \u2019 Energy","description":"M\u00e9decine traditionnelle chinoise et \u00e9nerg\u00e9tique","publisher":{"@id":"https:\/\/lightmienergy.be\/#organization"},"potentialAction":[{"@type":"SearchAction","target":{"@type":"EntryPoint","urlTemplate":"https:\/\/lightmienergy.be\/?s={search_term_string}"},"query-input":"required name=search_term_string"}],"inLanguage":"fr-FR"},{"@type":"Organization","@id":"https:\/\/lightmienergy.be\/#organization","name":"Light Mi \u2019 Energy","url":"https:\/\/lightmienergy.be\/","sameAs":["https:\/\/www.facebook.com\/mireille.light.mi.energy\/"],"logo":{"@type":"ImageObject","inLanguage":"fr-FR","@id":"https:\/\/lightmienergy.be\/#\/schema\/logo\/image\/","url":"https:\/\/lightmienergy.be\/wp-content\/uploads\/2021\/09\/cropped-cropped-logo-arnaud.png","contentUrl":"https:\/\/lightmienergy.be\/wp-content\/uploads\/2021\/09\/cropped-cropped-logo-arnaud.png","width":512,"height":512,"caption":"Light  Mi \u2019 Energy"},"image":{"@id":"https:\/\/lightmienergy.be\/#\/schema\/logo\/image\/"}}]}},"_links":{"self":[{"href":"https:\/\/lightmienergy.be\/index.php\/wp-json\/wp\/v2\/pages\/1906"}],"collection":[{"href":"https:\/\/lightmienergy.be\/index.php\/wp-json\/wp\/v2\/pages"}],"about":[{"href":"https:\/\/lightmienergy.be\/index.php\/wp-json\/wp\/v2\/types\/page"}],"author":[{"embeddable":true,"href":"https:\/\/lightmienergy.be\/index.php\/wp-json\/wp\/v2\/users\/1"}],"replies":[{"embeddable":true,"href":"https:\/\/lightmienergy.be\/index.php\/wp-json\/wp\/v2\/comments?post=1906"}],"version-history":[{"count":5,"href":"https:\/\/lightmienergy.be\/index.php\/wp-json\/wp\/v2\/pages\/1906\/revisions"}],"predecessor-version":[{"id":2006,"href":"https:\/\/lightmienergy.be\/index.php\/wp-json\/wp\/v2\/pages\/1906\/revisions\/2006"}],"wp:attachment":[{"href":"https:\/\/lightmienergy.be\/index.php\/wp-json\/wp\/v2\/media?parent=1906"}],"curies":[{"name":"wp","href":"https:\/\/api.w.org\/{rel}","templated":true}]}}