{"id":1908,"date":"2022-01-29T09:21:16","date_gmt":"2022-01-29T08:21:16","guid":{"rendered":"https:\/\/lightmienergy.be\/?page_id=1908"},"modified":"2022-03-01T20:38:58","modified_gmt":"2022-03-01T19:38:58","slug":"moxibustion","status":"publish","type":"page","link":"https:\/\/lightmienergy.be\/index.php\/moxibustion\/","title":{"rendered":"Moxibustion"},"content":{"rendered":"<p>[vc_row content_placement=\u00a0\u00bbmiddle\u00a0\u00bb][vc_column width=\u00a0\u00bb5\/12&Prime; icons_position=\u00a0\u00bbleft\u00a0\u00bb]<div id=\"sc_title_1688718949\"\n\t\tclass=\"sc_title color_style_default sc_title_default\"><h6 class=\"sc_item_subtitle sc_title_subtitle sc_align_center sc_item_title_style_default\">Bien \u00eatre<\/h6><h2 class=\"sc_item_title sc_title_title sc_align_center sc_item_title_style_default sc_item_title_tag\">Moxibustion<\/h2><\/div><!-- \/.sc_title -->[vc_empty_space height=\u00a0\u00bb\u00a0\u00bb alter_height=\u00a0\u00bbsmall\u00a0\u00bb hide_on_desktop=\u00a0\u00bb\u00a0\u00bb hide_on_notebook=\u00a0\u00bb\u00a0\u00bb hide_on_tablet=\u00a0\u00bb\u00a0\u00bb hide_on_mobile=\u00a0\u00bb\u00a0\u00bb][vc_column_text]<strong>Renforce la d\u00e9fense immunitaire, restaure la vitalit\u00e9, les fonctions pulmonaires et spl\u00e9niques<\/strong>[\/vc_column_text][\/vc_column][vc_column width=\u00a0\u00bb7\/12&Prime; icons_position=\u00a0\u00bbleft\u00a0\u00bb][vc_row_inner][vc_column_inner width=\u00a0\u00bb1\/2&Prime; icons_position=\u00a0\u00bbleft\u00a0\u00bb][vc_empty_space height=\u00a0\u00bb\u00a0\u00bb alter_height=\u00a0\u00bbmedium\u00a0\u00bb hide_on_desktop=\u00a0\u00bb\u00a0\u00bb hide_on_notebook=\u00a0\u00bb\u00a0\u00bb hide_on_tablet=\u00a0\u00bb\u00a0\u00bb hide_on_mobile=\u00a0\u00bb\u00a0\u00bb][vc_single_image image=\u00a0\u00bb2007&Prime; img_size=\u00a0\u00bblarge\u00a0\u00bb alignment=\u00a0\u00bbcenter\u00a0\u00bb style=\u00a0\u00bbvc_box_border\u00a0\u00bb border_color=\u00a0\u00bbwhite\u00a0\u00bb][\/vc_column_inner][vc_column_inner width=\u00a0\u00bb1\/2&Prime; icons_position=\u00a0\u00bbleft\u00a0\u00bb][vc_empty_space height=\u00a0\u00bb\u00a0\u00bb alter_height=\u00a0\u00bbmedium\u00a0\u00bb hide_on_desktop=\u00a0\u00bb\u00a0\u00bb hide_on_notebook=\u00a0\u00bb\u00a0\u00bb hide_on_tablet=\u00a0\u00bb\u00a0\u00bb hide_on_mobile=\u00a0\u00bb\u00a0\u00bb][vc_single_image image=\u00a0\u00bb1693&Prime; img_size=\u00a0\u00bblarge\u00a0\u00bb alignment=\u00a0\u00bbcenter\u00a0\u00bb style=\u00a0\u00bbvc_box_border\u00a0\u00bb border_color=\u00a0\u00bbwhite\u00a0\u00bb][\/vc_column_inner][\/vc_row_inner][vc_empty_space height=\u00a0\u00bb\u00a0\u00bb alter_height=\u00a0\u00bbmedium\u00a0\u00bb hide_on_desktop=\u00a0\u00bb\u00a0\u00bb hide_on_notebook=\u00a0\u00bb\u00a0\u00bb hide_on_tablet=\u00a0\u00bb\u00a0\u00bb hide_on_mobile=\u00a0\u00bb\u00a0\u00bb][\/vc_column][\/vc_row][vc_row][vc_column icons_position=\u00a0\u00bbleft\u00a0\u00bb][vc_empty_space height=\u00a0\u00bb\u00a0\u00bb alter_height=\u00a0\u00bblarge\u00a0\u00bb hide_on_desktop=\u00a0\u00bb\u00a0\u00bb hide_on_notebook=\u00a0\u00bb\u00a0\u00bb hide_on_tablet=\u00a0\u00bb\u00a0\u00bb hide_on_mobile=\u00a0\u00bb\u00a0\u00bb][vc_column_text]<\/p>\n<h2 style=\"text-align: center;\">La moxibustion, c&rsquo;est quoi ?<\/h2>\n<p>[\/vc_column_text][vc_empty_space height=\u00a0\u00bb\u00a0\u00bb alter_height=\u00a0\u00bbmedium\u00a0\u00bb hide_on_desktop=\u00a0\u00bb\u00a0\u00bb hide_on_notebook=\u00a0\u00bb\u00a0\u00bb hide_on_tablet=\u00a0\u00bb\u00a0\u00bb hide_on_mobile=\u00a0\u00bb\u00a0\u00bb][vc_tta_accordion active_section=\u00a0\u00bb0&Prime;][vc_tta_section title=\u00a0\u00bbLA MOXIBUSTION ET SES INDICATIONS\u00a0\u00bb tab_id=\u00a0\u00bb1643300674143-2158fa78-b074&Prime;][vc_column_text]On stimule par la chaleur avec des b\u00e2tons d\u2019armoises certains pts d\u2019acupuncture afin de r\u00e9\u00e9quilibrer l\u2019\u00e9nergie, de r\u00e9chauffer et faire circuler le sang.<br \/>\nLa moxibustion fortifie les Reins et le yang du corps. Fort indiqu\u00e9e pour soulager les douleurs.<br \/>\nLa chaleur r\u00e9chauffe, r\u00e9g\u00e9n\u00e8re, soulage et nourrit le corps et ses fonctions.<br \/>\nOn peut l\u2019utiliser pour :<br \/>\nRenforcer les d\u00e9fenses immunitaire et la vitalit\u00e9 ;<br \/>\nSoulager les rhumatismes et les probl\u00e8mes d\u2019articulations ;<br \/>\nStimuler le syst\u00e8me digestif ;<br \/>\nD\u00e9gager le syst\u00e8me respiratoire ;<br \/>\nBooster le syst\u00e8me circulatoire et lutter c\/ la fatigue ;<br \/>\netc.[\/vc_column_text][\/vc_tta_section][\/vc_tta_accordion][vc_empty_space height=\u00a0\u00bb\u00a0\u00bb alter_height=\u00a0\u00bbmedium\u00a0\u00bb hide_on_desktop=\u00a0\u00bb\u00a0\u00bb hide_on_notebook=\u00a0\u00bb\u00a0\u00bb hide_on_tablet=\u00a0\u00bb\u00a0\u00bb hide_on_mobile=\u00a0\u00bb\u00a0\u00bb][\/vc_column][\/vc_row][vc_row][vc_column icons_position=\u00a0\u00bbleft\u00a0\u00bb]<div id=\"sc_title_1466875478\"\n\t\tclass=\"sc_title color_style_default sc_title_default\"><h6 class=\"sc_item_subtitle sc_title_subtitle sc_align_center sc_item_title_style_default\">Votre soin<\/h6><h2 class=\"sc_item_title sc_title_title sc_align_center sc_item_title_style_default sc_item_title_tag\">Le tarif<\/h2><\/div><!-- \/.sc_title -->[vc_empty_space height=\u00a0\u00bb1em\u00a0\u00bb alter_height=\u00a0\u00bbnone\u00a0\u00bb hide_on_desktop=\u00a0\u00bb\u00a0\u00bb hide_on_notebook=\u00a0\u00bb\u00a0\u00bb hide_on_tablet=\u00a0\u00bb\u00a0\u00bb hide_on_mobile=\u00a0\u00bb\u00a0\u00bb][vc_empty_space height=\u00a0\u00bb2em\u00a0\u00bb alter_height=\u00a0\u00bbnone\u00a0\u00bb hide_on_desktop=\u00a0\u00bb\u00a0\u00bb hide_on_notebook=\u00a0\u00bb\u00a0\u00bb hide_on_tablet=\u00a0\u00bb\u00a0\u00bb hide_on_mobile=\u00a0\u00bb1&Prime;]<div id=\"sc_services_1623742214\" class=\"sc_services color_style_default sc_services_list sc_services_featured_top\"><div class=\"sc_services_content sc_item_content sc_item_columns_1\"><div class=\"sc_services_item without_content sc_services_item_featured_none\">\n\t\t\n\t<div class=\"sc_services_item_info\">\n\t\t<div class=\"sc_services_item_header\">\n\t\t\t<h6 class=\"sc_services_item_title\"><a href=\"https:\/\/lightmienergy.be\/index.php\/services\/physio-therapy\/\">Moxibustion<\/a><\/h6>\n                            <div class=\"sc_services_item_price\">30\u20ac<\/div>\n            \t\t<\/div>\n\t\t\t<\/div>\n<\/div>\n<\/div><\/div><!-- \/.sc_services -->[vc_empty_space height=\u00a0\u00bb2em\u00a0\u00bb alter_height=\u00a0\u00bbnone\u00a0\u00bb hide_on_desktop=\u00a0\u00bb\u00a0\u00bb hide_on_notebook=\u00a0\u00bb\u00a0\u00bb hide_on_tablet=\u00a0\u00bb\u00a0\u00bb hide_on_mobile=\u00a0\u00bb1&Prime;]<div class=\"sc_item_button sc_button_wrap sc_align_center\"><a href=\"https:\/\/lightmienergy.be\/index.php\/contacts\/\" id=\"sc_button_505488609\" class=\"sc_button color_style_default sc_button_default sc_button_size_normal sc_button_icon_left\"><span class=\"sc_button_text\"><span class=\"sc_button_title\">Demander un soin<\/span><\/span><!-- \/.sc_button_text --><\/a><!-- \/.sc_button --><\/div><!-- \/.sc_item_button -->[\/vc_column][\/vc_row][vc_row][vc_column icons_position=\u00a0\u00bbleft\u00a0\u00bb][vc_empty_space height=\u00a0\u00bb2em\u00a0\u00bb alter_height=\u00a0\u00bblarge\u00a0\u00bb hide_on_desktop=\u00a0\u00bb\u00a0\u00bb hide_on_notebook=\u00a0\u00bb\u00a0\u00bb hide_on_tablet=\u00a0\u00bb\u00a0\u00bb hide_on_mobile=\u00a0\u00bb\u00a0\u00bb]<div id=\"sc_title_1088522270\"\n\t\tclass=\"sc_title color_style_default sc_title_default\"><h6 class=\"sc_item_subtitle sc_title_subtitle sc_align_center sc_item_title_style_default\">D\u00e9couvrir<\/h6><h2 class=\"sc_item_title sc_title_title sc_align_center sc_item_title_style_default sc_item_title_tag\">La M\u00e9decine Traditionnelle Chinoise<\/h2><\/div><!-- \/.sc_title -->[\/vc_column][\/vc_row][vc_row full_width=\u00a0\u00bbstretch_row\u00a0\u00bb hide_bg_image_on_tablet=\u00a0\u00bb\u00a0\u00bb hide_bg_image_on_mobile=\u00a0\u00bb\u00a0\u00bb][vc_column width=\u00a0\u00bb1\/12&Prime; icons_position=\u00a0\u00bbleft\u00a0\u00bb][\/vc_column][vc_column width=\u00a0\u00bb11\/12&Prime; hide_bg_image_on_tablet=\u00a0\u00bb\u00a0\u00bb hide_bg_image_on_mobile=\u00a0\u00bb\u00a0\u00bb icons_position=\u00a0\u00bbleft\u00a0\u00bb][vc_empty_space height=\u00a0\u00bb4em\u00a0\u00bb alter_height=\u00a0\u00bbmedium\u00a0\u00bb hide_on_desktop=\u00a0\u00bb\u00a0\u00bb hide_on_notebook=\u00a0\u00bb\u00a0\u00bb hide_on_tablet=\u00a0\u00bb\u00a0\u00bb hide_on_mobile=\u00a0\u00bb1&Prime;][vc_gallery type=\u00a0\u00bbimage_grid\u00a0\u00bb images=\u00a0\u00bb1959,1958,1957,1956,1955,1954,1953,1952,1951,1950&Prime; img_size=\u00a0\u00bbmedium\u00a0\u00bb el_class=\u00a0\u00bbcenter\u00a0\u00bb][vc_empty_space height=\u00a0\u00bb3em\u00a0\u00bb alter_height=\u00a0\u00bblarge\u00a0\u00bb hide_on_desktop=\u00a0\u00bb\u00a0\u00bb hide_on_notebook=\u00a0\u00bb\u00a0\u00bb hide_on_tablet=\u00a0\u00bb\u00a0\u00bb hide_on_mobile=\u00a0\u00bb\u00a0\u00bb][\/vc_column][\/vc_row]<\/p>\n","protected":false},"excerpt":{"rendered":"<p>[vc_row content_placement=\u00a0\u00bbmiddle\u00a0\u00bb][vc_column width=\u00a0\u00bb5\/12&Prime; icons_position=\u00a0\u00bbleft\u00a0\u00bb][vc_empty_space height=\u00a0\u00bb\u00a0\u00bb alter_height=\u00a0\u00bbsmall\u00a0\u00bb hide_on_desktop=\u00a0\u00bb\u00a0\u00bb hide_on_notebook=\u00a0\u00bb\u00a0\u00bb hide_on_tablet=\u00a0\u00bb\u00a0\u00bb hide_on_mobile=\u00a0\u00bb\u00a0\u00bb][vc_column_text]Renforce la d\u00e9fense immunitaire, restaure la vitalit\u00e9, les fonctions pulmonaires et spl\u00e9niques[\/vc_column_text][\/vc_column][vc_column width=\u00a0\u00bb7\/12&Prime; icons_position=\u00a0\u00bbleft\u00a0\u00bb][vc_row_inner][vc_column_inner width=\u00a0\u00bb1\/2&Prime; icons_position=\u00a0\u00bbleft\u00a0\u00bb][vc_empty_space height=\u00a0\u00bb\u00a0\u00bb alter_height=\u00a0\u00bbmedium\u00a0\u00bb hide_on_desktop=\u00a0\u00bb\u00a0\u00bb hide_on_notebook=\u00a0\u00bb\u00a0\u00bb hide_on_tablet=\u00a0\u00bb\u00a0\u00bb hide_on_mobile=\u00a0\u00bb\u00a0\u00bb][vc_single_image image=\u00a0\u00bb2007&Prime; img_size=\u00a0\u00bblarge\u00a0\u00bb alignment=\u00a0\u00bbcenter\u00a0\u00bb style=\u00a0\u00bbvc_box_border\u00a0\u00bb border_color=\u00a0\u00bbwhite\u00a0\u00bb][\/vc_column_inner][vc_column_inner width=\u00a0\u00bb1\/2&Prime; icons_position=\u00a0\u00bbleft\u00a0\u00bb][vc_empty_space height=\u00a0\u00bb\u00a0\u00bb alter_height=\u00a0\u00bbmedium\u00a0\u00bb hide_on_desktop=\u00a0\u00bb\u00a0\u00bb hide_on_notebook=\u00a0\u00bb\u00a0\u00bb hide_on_tablet=\u00a0\u00bb\u00a0\u00bb hide_on_mobile=\u00a0\u00bb\u00a0\u00bb][vc_single_image image=\u00a0\u00bb1693&Prime; img_size=\u00a0\u00bblarge\u00a0\u00bb alignment=\u00a0\u00bbcenter\u00a0\u00bb style=\u00a0\u00bbvc_box_border\u00a0\u00bb border_color=\u00a0\u00bbwhite\u00a0\u00bb][\/vc_column_inner][\/vc_row_inner][vc_empty_space height=\u00a0\u00bb\u00a0\u00bb alter_height=\u00a0\u00bbmedium\u00a0\u00bb hide_on_desktop=\u00a0\u00bb\u00a0\u00bb hide_on_notebook=\u00a0\u00bb\u00a0\u00bb hide_on_tablet=\u00a0\u00bb\u00a0\u00bb hide_on_mobile=\u00a0\u00bb\u00a0\u00bb][\/vc_column][\/vc_row][vc_row][vc_column icons_position=\u00a0\u00bbleft\u00a0\u00bb][vc_empty_space height=\u00a0\u00bb\u00a0\u00bb alter_height=\u00a0\u00bblarge\u00a0\u00bb hide_on_desktop=\u00a0\u00bb\u00a0\u00bb hide_on_notebook=\u00a0\u00bb\u00a0\u00bb&hellip;<\/p>\n","protected":false},"author":1,"featured_media":0,"parent":0,"menu_order":0,"comment_status":"closed","ping_status":"closed","template":"","meta":[],"yoast_head":"<!-- This site is optimized with the Yoast SEO plugin v19.7.1 - https:\/\/yoast.com\/wordpress\/plugins\/seo\/ -->\n<title>Moxibustion - Light Mi \u2019 Energy<\/title>\n<meta name=\"robots\" content=\"index, follow, max-snippet:-1, max-image-preview:large, max-video-preview:-1\" \/>\n<link rel=\"canonical\" href=\"https:\/\/lightmienergy.be\/index.php\/moxibustion\/\" \/>\n<meta property=\"og:locale\" content=\"fr_FR\" \/>\n<meta property=\"og:type\" content=\"article\" \/>\n<meta property=\"og:title\" content=\"Moxibustion - Light Mi \u2019 Energy\" \/>\n<meta property=\"og:description\" content=\"[vc_row content_placement=\u00a0\u00bbmiddle\u00a0\u00bb][vc_column width=\u00a0\u00bb5\/12&Prime; icons_position=\u00a0\u00bbleft\u00a0\u00bb][vc_empty_space height=\u00a0\u00bb\u00a0\u00bb alter_height=\u00a0\u00bbsmall\u00a0\u00bb hide_on_desktop=\u00a0\u00bb\u00a0\u00bb hide_on_notebook=\u00a0\u00bb\u00a0\u00bb hide_on_tablet=\u00a0\u00bb\u00a0\u00bb hide_on_mobile=\u00a0\u00bb\u00a0\u00bb][vc_column_text]Renforce la d\u00e9fense immunitaire, restaure la vitalit\u00e9, les fonctions pulmonaires et spl\u00e9niques[\/vc_column_text][\/vc_column][vc_column width=\u00a0\u00bb7\/12&Prime; icons_position=\u00a0\u00bbleft\u00a0\u00bb][vc_row_inner][vc_column_inner width=\u00a0\u00bb1\/2&Prime; icons_position=\u00a0\u00bbleft\u00a0\u00bb][vc_empty_space height=\u00a0\u00bb\u00a0\u00bb alter_height=\u00a0\u00bbmedium\u00a0\u00bb hide_on_desktop=\u00a0\u00bb\u00a0\u00bb hide_on_notebook=\u00a0\u00bb\u00a0\u00bb hide_on_tablet=\u00a0\u00bb\u00a0\u00bb hide_on_mobile=\u00a0\u00bb\u00a0\u00bb][vc_single_image image=\u00a0\u00bb2007&Prime; img_size=\u00a0\u00bblarge\u00a0\u00bb alignment=\u00a0\u00bbcenter\u00a0\u00bb style=\u00a0\u00bbvc_box_border\u00a0\u00bb border_color=\u00a0\u00bbwhite\u00a0\u00bb][\/vc_column_inner][vc_column_inner width=\u00a0\u00bb1\/2&Prime; icons_position=\u00a0\u00bbleft\u00a0\u00bb][vc_empty_space height=\u00a0\u00bb\u00a0\u00bb alter_height=\u00a0\u00bbmedium\u00a0\u00bb hide_on_desktop=\u00a0\u00bb\u00a0\u00bb hide_on_notebook=\u00a0\u00bb\u00a0\u00bb hide_on_tablet=\u00a0\u00bb\u00a0\u00bb hide_on_mobile=\u00a0\u00bb\u00a0\u00bb][vc_single_image image=\u00a0\u00bb1693&Prime; img_size=\u00a0\u00bblarge\u00a0\u00bb alignment=\u00a0\u00bbcenter\u00a0\u00bb style=\u00a0\u00bbvc_box_border\u00a0\u00bb border_color=\u00a0\u00bbwhite\u00a0\u00bb][\/vc_column_inner][\/vc_row_inner][vc_empty_space height=\u00a0\u00bb\u00a0\u00bb alter_height=\u00a0\u00bbmedium\u00a0\u00bb hide_on_desktop=\u00a0\u00bb\u00a0\u00bb hide_on_notebook=\u00a0\u00bb\u00a0\u00bb hide_on_tablet=\u00a0\u00bb\u00a0\u00bb hide_on_mobile=\u00a0\u00bb\u00a0\u00bb][\/vc_column][\/vc_row][vc_row][vc_column icons_position=\u00a0\u00bbleft\u00a0\u00bb][vc_empty_space height=\u00a0\u00bb\u00a0\u00bb alter_height=\u00a0\u00bblarge\u00a0\u00bb hide_on_desktop=\u00a0\u00bb\u00a0\u00bb hide_on_notebook=\u00a0\u00bb\u00a0\u00bb&hellip;\" \/>\n<meta property=\"og:url\" content=\"https:\/\/lightmienergy.be\/index.php\/moxibustion\/\" \/>\n<meta property=\"og:site_name\" content=\"Light Mi \u2019 Energy\" \/>\n<meta property=\"article:publisher\" content=\"https:\/\/www.facebook.com\/mireille.light.mi.energy\/\" \/>\n<meta property=\"article:modified_time\" content=\"2022-03-01T19:38:58+00:00\" \/>\n<meta name=\"twitter:card\" content=\"summary_large_image\" \/>\n<meta name=\"twitter:label1\" content=\"Dur\u00e9e de lecture estim\u00e9e\" \/>\n\t<meta name=\"twitter:data1\" content=\"4 minutes\" \/>\n<script type=\"application\/ld+json\" class=\"yoast-schema-graph\">{\"@context\":\"https:\/\/schema.org\",\"@graph\":[{\"@type\":\"WebPage\",\"@id\":\"https:\/\/lightmienergy.be\/index.php\/moxibustion\/\",\"url\":\"https:\/\/lightmienergy.be\/index.php\/moxibustion\/\",\"name\":\"Moxibustion - Light Mi \u2019 Energy\",\"isPartOf\":{\"@id\":\"https:\/\/lightmienergy.be\/#website\"},\"datePublished\":\"2022-01-29T08:21:16+00:00\",\"dateModified\":\"2022-03-01T19:38:58+00:00\",\"breadcrumb\":{\"@id\":\"https:\/\/lightmienergy.be\/index.php\/moxibustion\/#breadcrumb\"},\"inLanguage\":\"fr-FR\",\"potentialAction\":[{\"@type\":\"ReadAction\",\"target\":[\"https:\/\/lightmienergy.be\/index.php\/moxibustion\/\"]}]},{\"@type\":\"BreadcrumbList\",\"@id\":\"https:\/\/lightmienergy.be\/index.php\/moxibustion\/#breadcrumb\",\"itemListElement\":[{\"@type\":\"ListItem\",\"position\":1,\"name\":\"Accueil\",\"item\":\"https:\/\/lightmienergy.be\/\"},{\"@type\":\"ListItem\",\"position\":2,\"name\":\"Moxibustion\"}]},{\"@type\":\"WebSite\",\"@id\":\"https:\/\/lightmienergy.be\/#website\",\"url\":\"https:\/\/lightmienergy.be\/\",\"name\":\"Light Mi \u2019 Energy\",\"description\":\"M\u00e9decine traditionnelle chinoise et \u00e9nerg\u00e9tique\",\"publisher\":{\"@id\":\"https:\/\/lightmienergy.be\/#organization\"},\"potentialAction\":[{\"@type\":\"SearchAction\",\"target\":{\"@type\":\"EntryPoint\",\"urlTemplate\":\"https:\/\/lightmienergy.be\/?s={search_term_string}\"},\"query-input\":\"required name=search_term_string\"}],\"inLanguage\":\"fr-FR\"},{\"@type\":\"Organization\",\"@id\":\"https:\/\/lightmienergy.be\/#organization\",\"name\":\"Light Mi \u2019 Energy\",\"url\":\"https:\/\/lightmienergy.be\/\",\"sameAs\":[\"https:\/\/www.facebook.com\/mireille.light.mi.energy\/\"],\"logo\":{\"@type\":\"ImageObject\",\"inLanguage\":\"fr-FR\",\"@id\":\"https:\/\/lightmienergy.be\/#\/schema\/logo\/image\/\",\"url\":\"https:\/\/lightmienergy.be\/wp-content\/uploads\/2021\/09\/cropped-cropped-logo-arnaud.png\",\"contentUrl\":\"https:\/\/lightmienergy.be\/wp-content\/uploads\/2021\/09\/cropped-cropped-logo-arnaud.png\",\"width\":512,\"height\":512,\"caption\":\"Light  Mi \u2019 Energy\"},\"image\":{\"@id\":\"https:\/\/lightmienergy.be\/#\/schema\/logo\/image\/\"}}]}<\/script>\n<!-- \/ Yoast SEO plugin. -->","yoast_head_json":{"title":"Moxibustion - Light Mi \u2019 Energy","robots":{"index":"index","follow":"follow","max-snippet":"max-snippet:-1","max-image-preview":"max-image-preview:large","max-video-preview":"max-video-preview:-1"},"canonical":"https:\/\/lightmienergy.be\/index.php\/moxibustion\/","og_locale":"fr_FR","og_type":"article","og_title":"Moxibustion - Light Mi \u2019 Energy","og_description":"[vc_row content_placement=\u00a0\u00bbmiddle\u00a0\u00bb][vc_column width=\u00a0\u00bb5\/12&Prime; icons_position=\u00a0\u00bbleft\u00a0\u00bb][vc_empty_space height=\u00a0\u00bb\u00a0\u00bb alter_height=\u00a0\u00bbsmall\u00a0\u00bb hide_on_desktop=\u00a0\u00bb\u00a0\u00bb hide_on_notebook=\u00a0\u00bb\u00a0\u00bb hide_on_tablet=\u00a0\u00bb\u00a0\u00bb hide_on_mobile=\u00a0\u00bb\u00a0\u00bb][vc_column_text]Renforce la d\u00e9fense immunitaire, restaure la vitalit\u00e9, les fonctions pulmonaires et spl\u00e9niques[\/vc_column_text][\/vc_column][vc_column width=\u00a0\u00bb7\/12&Prime; icons_position=\u00a0\u00bbleft\u00a0\u00bb][vc_row_inner][vc_column_inner width=\u00a0\u00bb1\/2&Prime; icons_position=\u00a0\u00bbleft\u00a0\u00bb][vc_empty_space height=\u00a0\u00bb\u00a0\u00bb alter_height=\u00a0\u00bbmedium\u00a0\u00bb hide_on_desktop=\u00a0\u00bb\u00a0\u00bb hide_on_notebook=\u00a0\u00bb\u00a0\u00bb hide_on_tablet=\u00a0\u00bb\u00a0\u00bb hide_on_mobile=\u00a0\u00bb\u00a0\u00bb][vc_single_image image=\u00a0\u00bb2007&Prime; img_size=\u00a0\u00bblarge\u00a0\u00bb alignment=\u00a0\u00bbcenter\u00a0\u00bb style=\u00a0\u00bbvc_box_border\u00a0\u00bb border_color=\u00a0\u00bbwhite\u00a0\u00bb][\/vc_column_inner][vc_column_inner width=\u00a0\u00bb1\/2&Prime; icons_position=\u00a0\u00bbleft\u00a0\u00bb][vc_empty_space height=\u00a0\u00bb\u00a0\u00bb alter_height=\u00a0\u00bbmedium\u00a0\u00bb hide_on_desktop=\u00a0\u00bb\u00a0\u00bb hide_on_notebook=\u00a0\u00bb\u00a0\u00bb hide_on_tablet=\u00a0\u00bb\u00a0\u00bb hide_on_mobile=\u00a0\u00bb\u00a0\u00bb][vc_single_image image=\u00a0\u00bb1693&Prime; img_size=\u00a0\u00bblarge\u00a0\u00bb alignment=\u00a0\u00bbcenter\u00a0\u00bb style=\u00a0\u00bbvc_box_border\u00a0\u00bb border_color=\u00a0\u00bbwhite\u00a0\u00bb][\/vc_column_inner][\/vc_row_inner][vc_empty_space height=\u00a0\u00bb\u00a0\u00bb alter_height=\u00a0\u00bbmedium\u00a0\u00bb hide_on_desktop=\u00a0\u00bb\u00a0\u00bb hide_on_notebook=\u00a0\u00bb\u00a0\u00bb hide_on_tablet=\u00a0\u00bb\u00a0\u00bb hide_on_mobile=\u00a0\u00bb\u00a0\u00bb][\/vc_column][\/vc_row][vc_row][vc_column icons_position=\u00a0\u00bbleft\u00a0\u00bb][vc_empty_space height=\u00a0\u00bb\u00a0\u00bb alter_height=\u00a0\u00bblarge\u00a0\u00bb hide_on_desktop=\u00a0\u00bb\u00a0\u00bb hide_on_notebook=\u00a0\u00bb\u00a0\u00bb&hellip;","og_url":"https:\/\/lightmienergy.be\/index.php\/moxibustion\/","og_site_name":"Light Mi \u2019 Energy","article_publisher":"https:\/\/www.facebook.com\/mireille.light.mi.energy\/","article_modified_time":"2022-03-01T19:38:58+00:00","twitter_card":"summary_large_image","twitter_misc":{"Dur\u00e9e de lecture estim\u00e9e":"4 minutes"},"schema":{"@context":"https:\/\/schema.org","@graph":[{"@type":"WebPage","@id":"https:\/\/lightmienergy.be\/index.php\/moxibustion\/","url":"https:\/\/lightmienergy.be\/index.php\/moxibustion\/","name":"Moxibustion - Light Mi \u2019 Energy","isPartOf":{"@id":"https:\/\/lightmienergy.be\/#website"},"datePublished":"2022-01-29T08:21:16+00:00","dateModified":"2022-03-01T19:38:58+00:00","breadcrumb":{"@id":"https:\/\/lightmienergy.be\/index.php\/moxibustion\/#breadcrumb"},"inLanguage":"fr-FR","potentialAction":[{"@type":"ReadAction","target":["https:\/\/lightmienergy.be\/index.php\/moxibustion\/"]}]},{"@type":"BreadcrumbList","@id":"https:\/\/lightmienergy.be\/index.php\/moxibustion\/#breadcrumb","itemListElement":[{"@type":"ListItem","position":1,"name":"Accueil","item":"https:\/\/lightmienergy.be\/"},{"@type":"ListItem","position":2,"name":"Moxibustion"}]},{"@type":"WebSite","@id":"https:\/\/lightmienergy.be\/#website","url":"https:\/\/lightmienergy.be\/","name":"Light Mi \u2019 Energy","description":"M\u00e9decine traditionnelle chinoise et \u00e9nerg\u00e9tique","publisher":{"@id":"https:\/\/lightmienergy.be\/#organization"},"potentialAction":[{"@type":"SearchAction","target":{"@type":"EntryPoint","urlTemplate":"https:\/\/lightmienergy.be\/?s={search_term_string}"},"query-input":"required name=search_term_string"}],"inLanguage":"fr-FR"},{"@type":"Organization","@id":"https:\/\/lightmienergy.be\/#organization","name":"Light Mi \u2019 Energy","url":"https:\/\/lightmienergy.be\/","sameAs":["https:\/\/www.facebook.com\/mireille.light.mi.energy\/"],"logo":{"@type":"ImageObject","inLanguage":"fr-FR","@id":"https:\/\/lightmienergy.be\/#\/schema\/logo\/image\/","url":"https:\/\/lightmienergy.be\/wp-content\/uploads\/2021\/09\/cropped-cropped-logo-arnaud.png","contentUrl":"https:\/\/lightmienergy.be\/wp-content\/uploads\/2021\/09\/cropped-cropped-logo-arnaud.png","width":512,"height":512,"caption":"Light  Mi \u2019 Energy"},"image":{"@id":"https:\/\/lightmienergy.be\/#\/schema\/logo\/image\/"}}]}},"_links":{"self":[{"href":"https:\/\/lightmienergy.be\/index.php\/wp-json\/wp\/v2\/pages\/1908"}],"collection":[{"href":"https:\/\/lightmienergy.be\/index.php\/wp-json\/wp\/v2\/pages"}],"about":[{"href":"https:\/\/lightmienergy.be\/index.php\/wp-json\/wp\/v2\/types\/page"}],"author":[{"embeddable":true,"href":"https:\/\/lightmienergy.be\/index.php\/wp-json\/wp\/v2\/users\/1"}],"replies":[{"embeddable":true,"href":"https:\/\/lightmienergy.be\/index.php\/wp-json\/wp\/v2\/comments?post=1908"}],"version-history":[{"count":5,"href":"https:\/\/lightmienergy.be\/index.php\/wp-json\/wp\/v2\/pages\/1908\/revisions"}],"predecessor-version":[{"id":2008,"href":"https:\/\/lightmienergy.be\/index.php\/wp-json\/wp\/v2\/pages\/1908\/revisions\/2008"}],"wp:attachment":[{"href":"https:\/\/lightmienergy.be\/index.php\/wp-json\/wp\/v2\/media?parent=1908"}],"curies":[{"name":"wp","href":"https:\/\/api.w.org\/{rel}","templated":true}]}}