{"id":1918,"date":"2022-01-29T09:29:54","date_gmt":"2022-01-29T08:29:54","guid":{"rendered":"https:\/\/lightmienergy.be\/?page_id=1918"},"modified":"2022-03-01T20:15:00","modified_gmt":"2022-03-01T19:15:00","slug":"massage-tuina","status":"publish","type":"page","link":"https:\/\/lightmienergy.be\/index.php\/massage-tuina\/","title":{"rendered":"Massage Tuina"},"content":{"rendered":"<p>[vc_row content_placement=\u00a0\u00bbmiddle\u00a0\u00bb][vc_column width=\u00a0\u00bb5\/12&Prime; icons_position=\u00a0\u00bbleft\u00a0\u00bb]<div id=\"sc_title_1205049996\"\n\t\tclass=\"sc_title color_style_default sc_title_default\"><h6 class=\"sc_item_subtitle sc_title_subtitle sc_align_center sc_item_title_style_default\">Bien \u00eatre<\/h6><h2 class=\"sc_item_title sc_title_title sc_align_center sc_item_title_style_default sc_item_title_tag\">Massage Tuina<\/h2><\/div><!-- \/.sc_title -->[vc_empty_space height=\u00a0\u00bb\u00a0\u00bb alter_height=\u00a0\u00bbsmall\u00a0\u00bb hide_on_desktop=\u00a0\u00bb\u00a0\u00bb hide_on_notebook=\u00a0\u00bb\u00a0\u00bb hide_on_tablet=\u00a0\u00bb\u00a0\u00bb hide_on_mobile=\u00a0\u00bb\u00a0\u00bb][vc_column_text]<strong>Soins saisonniers de pr\u00e9vention permettant la libre circulation de l\u2019\u00e9nergie vitale (QI)<\/strong>[\/vc_column_text][\/vc_column][vc_column width=\u00a0\u00bb7\/12&Prime; icons_position=\u00a0\u00bbleft\u00a0\u00bb][vc_row_inner][vc_column_inner width=\u00a0\u00bb1\/2&Prime; icons_position=\u00a0\u00bbleft\u00a0\u00bb][vc_empty_space height=\u00a0\u00bb\u00a0\u00bb alter_height=\u00a0\u00bbmedium\u00a0\u00bb hide_on_desktop=\u00a0\u00bb\u00a0\u00bb hide_on_notebook=\u00a0\u00bb\u00a0\u00bb hide_on_tablet=\u00a0\u00bb\u00a0\u00bb hide_on_mobile=\u00a0\u00bb\u00a0\u00bb][vc_single_image image=\u00a0\u00bb1998&Prime; img_size=\u00a0\u00bblarge\u00a0\u00bb alignment=\u00a0\u00bbcenter\u00a0\u00bb style=\u00a0\u00bbvc_box_border\u00a0\u00bb border_color=\u00a0\u00bbwhite\u00a0\u00bb][\/vc_column_inner][vc_column_inner width=\u00a0\u00bb1\/2&Prime; icons_position=\u00a0\u00bbleft\u00a0\u00bb][vc_empty_space height=\u00a0\u00bb\u00a0\u00bb alter_height=\u00a0\u00bbmedium\u00a0\u00bb hide_on_desktop=\u00a0\u00bb\u00a0\u00bb hide_on_notebook=\u00a0\u00bb\u00a0\u00bb hide_on_tablet=\u00a0\u00bb\u00a0\u00bb hide_on_mobile=\u00a0\u00bb\u00a0\u00bb][vc_single_image image=\u00a0\u00bb1988&Prime; img_size=\u00a0\u00bblarge\u00a0\u00bb alignment=\u00a0\u00bbcenter\u00a0\u00bb style=\u00a0\u00bbvc_box_border\u00a0\u00bb border_color=\u00a0\u00bbwhite\u00a0\u00bb][\/vc_column_inner][\/vc_row_inner][vc_empty_space height=\u00a0\u00bb\u00a0\u00bb alter_height=\u00a0\u00bbmedium\u00a0\u00bb hide_on_desktop=\u00a0\u00bb\u00a0\u00bb hide_on_notebook=\u00a0\u00bb\u00a0\u00bb hide_on_tablet=\u00a0\u00bb\u00a0\u00bb hide_on_mobile=\u00a0\u00bb\u00a0\u00bb][\/vc_column][\/vc_row][vc_row][vc_column icons_position=\u00a0\u00bbleft\u00a0\u00bb][vc_empty_space height=\u00a0\u00bb\u00a0\u00bb alter_height=\u00a0\u00bblarge\u00a0\u00bb hide_on_desktop=\u00a0\u00bb\u00a0\u00bb hide_on_notebook=\u00a0\u00bb\u00a0\u00bb hide_on_tablet=\u00a0\u00bb\u00a0\u00bb hide_on_mobile=\u00a0\u00bb\u00a0\u00bb][vc_column_text]<\/p>\n<h2 style=\"text-align: center;\">Le massage Tuina, c&rsquo;est quoi ?<\/h2>\n<p>[\/vc_column_text][vc_empty_space height=\u00a0\u00bb\u00a0\u00bb alter_height=\u00a0\u00bbmedium\u00a0\u00bb hide_on_desktop=\u00a0\u00bb\u00a0\u00bb hide_on_notebook=\u00a0\u00bb\u00a0\u00bb hide_on_tablet=\u00a0\u00bb\u00a0\u00bb hide_on_mobile=\u00a0\u00bb\u00a0\u00bb][vc_tta_accordion active_section=\u00a0\u00bb0&Prime;][vc_tta_section title=\u00a0\u00bbLE MASSAGE TUINA ET SES INDICATIONS\u00a0\u00bb tab_id=\u00a0\u00bb1643300674143-2158fa78-b074&Prime;][vc_column_text]<\/p>\n<p style=\"text-align: justify;\">L&rsquo;objectif du massage Tui na dans la m\u00e9decine traditionnelle chinoise est de faire circuler l&rsquo;\u00e9nergie vitale, le Qi. D&rsquo;ailleurs on l&rsquo;apparente souvent \u00e0 de l&rsquo;acupuncture sans aiguilles.<br \/>\nOn estime \u00e0 environ 300 le nombre de manipulations possibles dans les protocoles de massage tui na.<br \/>\nCe type de massage agit sur : la stimulation de la circulation des fluides (sang et lymphe notamment), les muscles, les articulations, le syst\u00e8me immunitaire et l&rsquo;\u00e9quilibre des organes.<\/p>\n<p>[\/vc_column_text][\/vc_tta_section][vc_tta_section title=\u00a0\u00bbComment pratique-t-on le massage Tuina ?\u00a0\u00bb tab_id=\u00a0\u00bb1643300785811-cdadc5e8-59b9&Prime;][vc_column_text]<\/p>\n<p style=\"font-weight: 400;\">Le TUINA\u00a0 pour tous\u00a0! En Chine, le Tuina est pratiqu\u00e9 sur des personnes de tout \u00e2ges. Les b\u00e9b\u00e9s et les jeunes enfants n\u2019ayant\u00a0 pas encore un syst\u00e8me de m\u00e9ridiens pleinement d\u00e9velopp\u00e9, des techniques et des points additionnels ont \u00e9t\u00e9 cr\u00e9\u00e9s pour eux. Le Tuina est sans danger mais n\u00e9anmoins d\u00e9conseill\u00e9s pour des personnes souffrant de certains probl\u00e8mes de sant\u00e9 (votre th\u00e9rapeute pourra vous informer).<\/p>\n<p style=\"font-weight: 400;\">Pour \u00eatre efficace, beaucoup de technique Tuina sont vigoureuses et elles doivent \u00eatre appliqu\u00e9es avec une pression relativement forte. Souvent, si l e patient souffre d\u2019une affection particuli\u00e8re, la g\u00eane s\u2019att\u00e9nuera au fur et \u00e0 mesure que le massage progressera, et que le Qi et le sang seront conduits vers la zone affect\u00e9e. Apr\u00e8s le traitement, les tissus et les muscles seront d\u00e9tendus et moins douloureux.<\/p>\n<p style=\"font-weight: 400;\">Le Tuina, par le biais des points Qi et des m\u00e9ridiens, stimule l\u2019ensemble du syst\u00e8me musculosquelettique, et favorise le bon fonctionnement de tous les organes internes.<\/p>\n<p>[\/vc_column_text][\/vc_tta_section][\/vc_tta_accordion][vc_empty_space height=\u00a0\u00bb\u00a0\u00bb alter_height=\u00a0\u00bbmedium\u00a0\u00bb hide_on_desktop=\u00a0\u00bb\u00a0\u00bb hide_on_notebook=\u00a0\u00bb\u00a0\u00bb hide_on_tablet=\u00a0\u00bb\u00a0\u00bb hide_on_mobile=\u00a0\u00bb\u00a0\u00bb][\/vc_column][\/vc_row][vc_row][vc_column icons_position=\u00a0\u00bbleft\u00a0\u00bb]<div id=\"sc_title_1869502544\"\n\t\tclass=\"sc_title color_style_default sc_title_default\"><h6 class=\"sc_item_subtitle sc_title_subtitle sc_align_center sc_item_title_style_default\">Votre soin<\/h6><h2 class=\"sc_item_title sc_title_title sc_align_center sc_item_title_style_default sc_item_title_tag\">Le tarif<\/h2><\/div><!-- \/.sc_title -->[vc_empty_space height=\u00a0\u00bb1em\u00a0\u00bb alter_height=\u00a0\u00bbnone\u00a0\u00bb hide_on_desktop=\u00a0\u00bb\u00a0\u00bb hide_on_notebook=\u00a0\u00bb\u00a0\u00bb hide_on_tablet=\u00a0\u00bb\u00a0\u00bb hide_on_mobile=\u00a0\u00bb\u00a0\u00bb][vc_empty_space height=\u00a0\u00bb2em\u00a0\u00bb alter_height=\u00a0\u00bbnone\u00a0\u00bb hide_on_desktop=\u00a0\u00bb\u00a0\u00bb hide_on_notebook=\u00a0\u00bb\u00a0\u00bb hide_on_tablet=\u00a0\u00bb\u00a0\u00bb hide_on_mobile=\u00a0\u00bb1&Prime;]<div id=\"sc_services_2123085617\" class=\"sc_services color_style_default sc_services_list sc_services_featured_top\"><div class=\"sc_services_content sc_item_content sc_item_columns_1\"><div class=\"sc_services_item without_content sc_services_item_featured_none\">\n\t\t\n\t<div class=\"sc_services_item_info\">\n\t\t<div class=\"sc_services_item_header\">\n\t\t\t<h6 class=\"sc_services_item_title\"><a href=\"https:\/\/lightmienergy.be\/index.php\/services\/exfoliation-treatments\/\">Massage Tuina<\/a><\/h6>\n                            <div class=\"sc_services_item_price\">80\u20ac<\/div>\n            \t\t<\/div>\n\t\t\t<\/div>\n<\/div>\n<\/div><\/div><!-- \/.sc_services -->[vc_empty_space height=\u00a0\u00bb2em\u00a0\u00bb alter_height=\u00a0\u00bbnone\u00a0\u00bb hide_on_desktop=\u00a0\u00bb\u00a0\u00bb hide_on_notebook=\u00a0\u00bb\u00a0\u00bb hide_on_tablet=\u00a0\u00bb\u00a0\u00bb hide_on_mobile=\u00a0\u00bb1&Prime;]<div class=\"sc_item_button sc_button_wrap sc_align_center\"><a href=\"https:\/\/lightmienergy.be\/index.php\/contacts\/\" id=\"sc_button_951864055\" class=\"sc_button color_style_default sc_button_default sc_button_size_normal sc_button_icon_left\"><span class=\"sc_button_text\"><span class=\"sc_button_title\">Demander un soin<\/span><\/span><!-- \/.sc_button_text --><\/a><!-- \/.sc_button --><\/div><!-- \/.sc_item_button -->[\/vc_column][\/vc_row][vc_row][vc_column icons_position=\u00a0\u00bbleft\u00a0\u00bb][vc_empty_space height=\u00a0\u00bb2em\u00a0\u00bb alter_height=\u00a0\u00bblarge\u00a0\u00bb hide_on_desktop=\u00a0\u00bb\u00a0\u00bb hide_on_notebook=\u00a0\u00bb\u00a0\u00bb hide_on_tablet=\u00a0\u00bb\u00a0\u00bb hide_on_mobile=\u00a0\u00bb\u00a0\u00bb]<div id=\"sc_title_1541887259\"\n\t\tclass=\"sc_title color_style_default sc_title_default\"><h6 class=\"sc_item_subtitle sc_title_subtitle sc_align_center sc_item_title_style_default\">D\u00e9couvrir<\/h6><h2 class=\"sc_item_title sc_title_title sc_align_center sc_item_title_style_default sc_item_title_tag\">La M\u00e9decine Traditionnelle Chinoise<\/h2><\/div><!-- \/.sc_title -->[\/vc_column][\/vc_row][vc_row full_width=\u00a0\u00bbstretch_row\u00a0\u00bb hide_bg_image_on_tablet=\u00a0\u00bb\u00a0\u00bb hide_bg_image_on_mobile=\u00a0\u00bb\u00a0\u00bb][vc_column width=\u00a0\u00bb1\/12&Prime; icons_position=\u00a0\u00bbleft\u00a0\u00bb][\/vc_column][vc_column width=\u00a0\u00bb11\/12&Prime; hide_bg_image_on_tablet=\u00a0\u00bb\u00a0\u00bb hide_bg_image_on_mobile=\u00a0\u00bb\u00a0\u00bb icons_position=\u00a0\u00bbleft\u00a0\u00bb][vc_empty_space height=\u00a0\u00bb4em\u00a0\u00bb alter_height=\u00a0\u00bbmedium\u00a0\u00bb hide_on_desktop=\u00a0\u00bb\u00a0\u00bb hide_on_notebook=\u00a0\u00bb\u00a0\u00bb hide_on_tablet=\u00a0\u00bb\u00a0\u00bb hide_on_mobile=\u00a0\u00bb1&Prime;][vc_gallery type=\u00a0\u00bbimage_grid\u00a0\u00bb images=\u00a0\u00bb1721,1994,1959,1958,1957,1956,1955,1954,1953,1952,1951,1950&Prime; img_size=\u00a0\u00bbmedium\u00a0\u00bb el_class=\u00a0\u00bbcenter\u00a0\u00bb][vc_empty_space height=\u00a0\u00bb3em\u00a0\u00bb alter_height=\u00a0\u00bblarge\u00a0\u00bb hide_on_desktop=\u00a0\u00bb\u00a0\u00bb hide_on_notebook=\u00a0\u00bb\u00a0\u00bb hide_on_tablet=\u00a0\u00bb\u00a0\u00bb hide_on_mobile=\u00a0\u00bb\u00a0\u00bb][\/vc_column][\/vc_row]<\/p>\n","protected":false},"excerpt":{"rendered":"<p>[vc_row content_placement=\u00a0\u00bbmiddle\u00a0\u00bb][vc_column width=\u00a0\u00bb5\/12&Prime; icons_position=\u00a0\u00bbleft\u00a0\u00bb][vc_empty_space height=\u00a0\u00bb\u00a0\u00bb alter_height=\u00a0\u00bbsmall\u00a0\u00bb hide_on_desktop=\u00a0\u00bb\u00a0\u00bb hide_on_notebook=\u00a0\u00bb\u00a0\u00bb hide_on_tablet=\u00a0\u00bb\u00a0\u00bb hide_on_mobile=\u00a0\u00bb\u00a0\u00bb][vc_column_text]Soins saisonniers de pr\u00e9vention permettant la libre circulation de l\u2019\u00e9nergie vitale (QI)[\/vc_column_text][\/vc_column][vc_column width=\u00a0\u00bb7\/12&Prime; icons_position=\u00a0\u00bbleft\u00a0\u00bb][vc_row_inner][vc_column_inner width=\u00a0\u00bb1\/2&Prime; icons_position=\u00a0\u00bbleft\u00a0\u00bb][vc_empty_space height=\u00a0\u00bb\u00a0\u00bb alter_height=\u00a0\u00bbmedium\u00a0\u00bb hide_on_desktop=\u00a0\u00bb\u00a0\u00bb hide_on_notebook=\u00a0\u00bb\u00a0\u00bb hide_on_tablet=\u00a0\u00bb\u00a0\u00bb hide_on_mobile=\u00a0\u00bb\u00a0\u00bb][vc_single_image image=\u00a0\u00bb1998&Prime; img_size=\u00a0\u00bblarge\u00a0\u00bb alignment=\u00a0\u00bbcenter\u00a0\u00bb style=\u00a0\u00bbvc_box_border\u00a0\u00bb border_color=\u00a0\u00bbwhite\u00a0\u00bb][\/vc_column_inner][vc_column_inner width=\u00a0\u00bb1\/2&Prime; icons_position=\u00a0\u00bbleft\u00a0\u00bb][vc_empty_space height=\u00a0\u00bb\u00a0\u00bb alter_height=\u00a0\u00bbmedium\u00a0\u00bb hide_on_desktop=\u00a0\u00bb\u00a0\u00bb hide_on_notebook=\u00a0\u00bb\u00a0\u00bb hide_on_tablet=\u00a0\u00bb\u00a0\u00bb hide_on_mobile=\u00a0\u00bb\u00a0\u00bb][vc_single_image image=\u00a0\u00bb1988&Prime; img_size=\u00a0\u00bblarge\u00a0\u00bb alignment=\u00a0\u00bbcenter\u00a0\u00bb style=\u00a0\u00bbvc_box_border\u00a0\u00bb border_color=\u00a0\u00bbwhite\u00a0\u00bb][\/vc_column_inner][\/vc_row_inner][vc_empty_space height=\u00a0\u00bb\u00a0\u00bb alter_height=\u00a0\u00bbmedium\u00a0\u00bb hide_on_desktop=\u00a0\u00bb\u00a0\u00bb hide_on_notebook=\u00a0\u00bb\u00a0\u00bb hide_on_tablet=\u00a0\u00bb\u00a0\u00bb hide_on_mobile=\u00a0\u00bb\u00a0\u00bb][\/vc_column][\/vc_row][vc_row][vc_column icons_position=\u00a0\u00bbleft\u00a0\u00bb][vc_empty_space height=\u00a0\u00bb\u00a0\u00bb alter_height=\u00a0\u00bblarge\u00a0\u00bb hide_on_desktop=\u00a0\u00bb\u00a0\u00bb hide_on_notebook=\u00a0\u00bb\u00a0\u00bb&hellip;<\/p>\n","protected":false},"author":1,"featured_media":0,"parent":0,"menu_order":0,"comment_status":"closed","ping_status":"closed","template":"","meta":[],"yoast_head":"<!-- This site is optimized with the Yoast SEO plugin v19.7.1 - https:\/\/yoast.com\/wordpress\/plugins\/seo\/ -->\n<title>Massage Tuina - Light Mi \u2019 Energy<\/title>\n<meta name=\"robots\" content=\"index, follow, max-snippet:-1, max-image-preview:large, max-video-preview:-1\" \/>\n<link rel=\"canonical\" href=\"https:\/\/lightmienergy.be\/index.php\/massage-tuina\/\" \/>\n<meta property=\"og:locale\" content=\"fr_FR\" \/>\n<meta property=\"og:type\" content=\"article\" \/>\n<meta property=\"og:title\" content=\"Massage Tuina - Light Mi \u2019 Energy\" \/>\n<meta property=\"og:description\" content=\"[vc_row content_placement=\u00a0\u00bbmiddle\u00a0\u00bb][vc_column width=\u00a0\u00bb5\/12&Prime; icons_position=\u00a0\u00bbleft\u00a0\u00bb][vc_empty_space height=\u00a0\u00bb\u00a0\u00bb alter_height=\u00a0\u00bbsmall\u00a0\u00bb hide_on_desktop=\u00a0\u00bb\u00a0\u00bb hide_on_notebook=\u00a0\u00bb\u00a0\u00bb hide_on_tablet=\u00a0\u00bb\u00a0\u00bb hide_on_mobile=\u00a0\u00bb\u00a0\u00bb][vc_column_text]Soins saisonniers de pr\u00e9vention permettant la libre circulation de l\u2019\u00e9nergie vitale (QI)[\/vc_column_text][\/vc_column][vc_column width=\u00a0\u00bb7\/12&Prime; icons_position=\u00a0\u00bbleft\u00a0\u00bb][vc_row_inner][vc_column_inner width=\u00a0\u00bb1\/2&Prime; icons_position=\u00a0\u00bbleft\u00a0\u00bb][vc_empty_space height=\u00a0\u00bb\u00a0\u00bb alter_height=\u00a0\u00bbmedium\u00a0\u00bb hide_on_desktop=\u00a0\u00bb\u00a0\u00bb hide_on_notebook=\u00a0\u00bb\u00a0\u00bb hide_on_tablet=\u00a0\u00bb\u00a0\u00bb hide_on_mobile=\u00a0\u00bb\u00a0\u00bb][vc_single_image image=\u00a0\u00bb1998&Prime; img_size=\u00a0\u00bblarge\u00a0\u00bb alignment=\u00a0\u00bbcenter\u00a0\u00bb style=\u00a0\u00bbvc_box_border\u00a0\u00bb border_color=\u00a0\u00bbwhite\u00a0\u00bb][\/vc_column_inner][vc_column_inner width=\u00a0\u00bb1\/2&Prime; icons_position=\u00a0\u00bbleft\u00a0\u00bb][vc_empty_space height=\u00a0\u00bb\u00a0\u00bb alter_height=\u00a0\u00bbmedium\u00a0\u00bb hide_on_desktop=\u00a0\u00bb\u00a0\u00bb hide_on_notebook=\u00a0\u00bb\u00a0\u00bb hide_on_tablet=\u00a0\u00bb\u00a0\u00bb hide_on_mobile=\u00a0\u00bb\u00a0\u00bb][vc_single_image image=\u00a0\u00bb1988&Prime; img_size=\u00a0\u00bblarge\u00a0\u00bb alignment=\u00a0\u00bbcenter\u00a0\u00bb style=\u00a0\u00bbvc_box_border\u00a0\u00bb border_color=\u00a0\u00bbwhite\u00a0\u00bb][\/vc_column_inner][\/vc_row_inner][vc_empty_space height=\u00a0\u00bb\u00a0\u00bb alter_height=\u00a0\u00bbmedium\u00a0\u00bb hide_on_desktop=\u00a0\u00bb\u00a0\u00bb hide_on_notebook=\u00a0\u00bb\u00a0\u00bb hide_on_tablet=\u00a0\u00bb\u00a0\u00bb hide_on_mobile=\u00a0\u00bb\u00a0\u00bb][\/vc_column][\/vc_row][vc_row][vc_column icons_position=\u00a0\u00bbleft\u00a0\u00bb][vc_empty_space height=\u00a0\u00bb\u00a0\u00bb alter_height=\u00a0\u00bblarge\u00a0\u00bb hide_on_desktop=\u00a0\u00bb\u00a0\u00bb hide_on_notebook=\u00a0\u00bb\u00a0\u00bb&hellip;\" \/>\n<meta property=\"og:url\" content=\"https:\/\/lightmienergy.be\/index.php\/massage-tuina\/\" \/>\n<meta property=\"og:site_name\" content=\"Light Mi \u2019 Energy\" \/>\n<meta property=\"article:publisher\" content=\"https:\/\/www.facebook.com\/mireille.light.mi.energy\/\" \/>\n<meta property=\"article:modified_time\" content=\"2022-03-01T19:15:00+00:00\" \/>\n<meta name=\"twitter:card\" content=\"summary_large_image\" \/>\n<meta name=\"twitter:label1\" content=\"Dur\u00e9e de lecture estim\u00e9e\" \/>\n\t<meta name=\"twitter:data1\" content=\"4 minutes\" \/>\n<script type=\"application\/ld+json\" class=\"yoast-schema-graph\">{\"@context\":\"https:\/\/schema.org\",\"@graph\":[{\"@type\":\"WebPage\",\"@id\":\"https:\/\/lightmienergy.be\/index.php\/massage-tuina\/\",\"url\":\"https:\/\/lightmienergy.be\/index.php\/massage-tuina\/\",\"name\":\"Massage Tuina - Light Mi \u2019 Energy\",\"isPartOf\":{\"@id\":\"https:\/\/lightmienergy.be\/#website\"},\"datePublished\":\"2022-01-29T08:29:54+00:00\",\"dateModified\":\"2022-03-01T19:15:00+00:00\",\"breadcrumb\":{\"@id\":\"https:\/\/lightmienergy.be\/index.php\/massage-tuina\/#breadcrumb\"},\"inLanguage\":\"fr-FR\",\"potentialAction\":[{\"@type\":\"ReadAction\",\"target\":[\"https:\/\/lightmienergy.be\/index.php\/massage-tuina\/\"]}]},{\"@type\":\"BreadcrumbList\",\"@id\":\"https:\/\/lightmienergy.be\/index.php\/massage-tuina\/#breadcrumb\",\"itemListElement\":[{\"@type\":\"ListItem\",\"position\":1,\"name\":\"Accueil\",\"item\":\"https:\/\/lightmienergy.be\/\"},{\"@type\":\"ListItem\",\"position\":2,\"name\":\"Massage Tuina\"}]},{\"@type\":\"WebSite\",\"@id\":\"https:\/\/lightmienergy.be\/#website\",\"url\":\"https:\/\/lightmienergy.be\/\",\"name\":\"Light Mi \u2019 Energy\",\"description\":\"M\u00e9decine traditionnelle chinoise et \u00e9nerg\u00e9tique\",\"publisher\":{\"@id\":\"https:\/\/lightmienergy.be\/#organization\"},\"potentialAction\":[{\"@type\":\"SearchAction\",\"target\":{\"@type\":\"EntryPoint\",\"urlTemplate\":\"https:\/\/lightmienergy.be\/?s={search_term_string}\"},\"query-input\":\"required name=search_term_string\"}],\"inLanguage\":\"fr-FR\"},{\"@type\":\"Organization\",\"@id\":\"https:\/\/lightmienergy.be\/#organization\",\"name\":\"Light Mi \u2019 Energy\",\"url\":\"https:\/\/lightmienergy.be\/\",\"sameAs\":[\"https:\/\/www.facebook.com\/mireille.light.mi.energy\/\"],\"logo\":{\"@type\":\"ImageObject\",\"inLanguage\":\"fr-FR\",\"@id\":\"https:\/\/lightmienergy.be\/#\/schema\/logo\/image\/\",\"url\":\"https:\/\/lightmienergy.be\/wp-content\/uploads\/2021\/09\/cropped-cropped-logo-arnaud.png\",\"contentUrl\":\"https:\/\/lightmienergy.be\/wp-content\/uploads\/2021\/09\/cropped-cropped-logo-arnaud.png\",\"width\":512,\"height\":512,\"caption\":\"Light  Mi \u2019 Energy\"},\"image\":{\"@id\":\"https:\/\/lightmienergy.be\/#\/schema\/logo\/image\/\"}}]}<\/script>\n<!-- \/ Yoast SEO plugin. -->","yoast_head_json":{"title":"Massage Tuina - Light Mi \u2019 Energy","robots":{"index":"index","follow":"follow","max-snippet":"max-snippet:-1","max-image-preview":"max-image-preview:large","max-video-preview":"max-video-preview:-1"},"canonical":"https:\/\/lightmienergy.be\/index.php\/massage-tuina\/","og_locale":"fr_FR","og_type":"article","og_title":"Massage Tuina - Light Mi \u2019 Energy","og_description":"[vc_row content_placement=\u00a0\u00bbmiddle\u00a0\u00bb][vc_column width=\u00a0\u00bb5\/12&Prime; icons_position=\u00a0\u00bbleft\u00a0\u00bb][vc_empty_space height=\u00a0\u00bb\u00a0\u00bb alter_height=\u00a0\u00bbsmall\u00a0\u00bb hide_on_desktop=\u00a0\u00bb\u00a0\u00bb hide_on_notebook=\u00a0\u00bb\u00a0\u00bb hide_on_tablet=\u00a0\u00bb\u00a0\u00bb hide_on_mobile=\u00a0\u00bb\u00a0\u00bb][vc_column_text]Soins saisonniers de pr\u00e9vention permettant la libre circulation de l\u2019\u00e9nergie vitale (QI)[\/vc_column_text][\/vc_column][vc_column width=\u00a0\u00bb7\/12&Prime; icons_position=\u00a0\u00bbleft\u00a0\u00bb][vc_row_inner][vc_column_inner width=\u00a0\u00bb1\/2&Prime; icons_position=\u00a0\u00bbleft\u00a0\u00bb][vc_empty_space height=\u00a0\u00bb\u00a0\u00bb alter_height=\u00a0\u00bbmedium\u00a0\u00bb hide_on_desktop=\u00a0\u00bb\u00a0\u00bb hide_on_notebook=\u00a0\u00bb\u00a0\u00bb hide_on_tablet=\u00a0\u00bb\u00a0\u00bb hide_on_mobile=\u00a0\u00bb\u00a0\u00bb][vc_single_image image=\u00a0\u00bb1998&Prime; img_size=\u00a0\u00bblarge\u00a0\u00bb alignment=\u00a0\u00bbcenter\u00a0\u00bb style=\u00a0\u00bbvc_box_border\u00a0\u00bb border_color=\u00a0\u00bbwhite\u00a0\u00bb][\/vc_column_inner][vc_column_inner width=\u00a0\u00bb1\/2&Prime; icons_position=\u00a0\u00bbleft\u00a0\u00bb][vc_empty_space height=\u00a0\u00bb\u00a0\u00bb alter_height=\u00a0\u00bbmedium\u00a0\u00bb hide_on_desktop=\u00a0\u00bb\u00a0\u00bb hide_on_notebook=\u00a0\u00bb\u00a0\u00bb hide_on_tablet=\u00a0\u00bb\u00a0\u00bb hide_on_mobile=\u00a0\u00bb\u00a0\u00bb][vc_single_image image=\u00a0\u00bb1988&Prime; img_size=\u00a0\u00bblarge\u00a0\u00bb alignment=\u00a0\u00bbcenter\u00a0\u00bb style=\u00a0\u00bbvc_box_border\u00a0\u00bb border_color=\u00a0\u00bbwhite\u00a0\u00bb][\/vc_column_inner][\/vc_row_inner][vc_empty_space height=\u00a0\u00bb\u00a0\u00bb alter_height=\u00a0\u00bbmedium\u00a0\u00bb hide_on_desktop=\u00a0\u00bb\u00a0\u00bb hide_on_notebook=\u00a0\u00bb\u00a0\u00bb hide_on_tablet=\u00a0\u00bb\u00a0\u00bb hide_on_mobile=\u00a0\u00bb\u00a0\u00bb][\/vc_column][\/vc_row][vc_row][vc_column icons_position=\u00a0\u00bbleft\u00a0\u00bb][vc_empty_space height=\u00a0\u00bb\u00a0\u00bb alter_height=\u00a0\u00bblarge\u00a0\u00bb hide_on_desktop=\u00a0\u00bb\u00a0\u00bb hide_on_notebook=\u00a0\u00bb\u00a0\u00bb&hellip;","og_url":"https:\/\/lightmienergy.be\/index.php\/massage-tuina\/","og_site_name":"Light Mi \u2019 Energy","article_publisher":"https:\/\/www.facebook.com\/mireille.light.mi.energy\/","article_modified_time":"2022-03-01T19:15:00+00:00","twitter_card":"summary_large_image","twitter_misc":{"Dur\u00e9e de lecture estim\u00e9e":"4 minutes"},"schema":{"@context":"https:\/\/schema.org","@graph":[{"@type":"WebPage","@id":"https:\/\/lightmienergy.be\/index.php\/massage-tuina\/","url":"https:\/\/lightmienergy.be\/index.php\/massage-tuina\/","name":"Massage Tuina - Light Mi \u2019 Energy","isPartOf":{"@id":"https:\/\/lightmienergy.be\/#website"},"datePublished":"2022-01-29T08:29:54+00:00","dateModified":"2022-03-01T19:15:00+00:00","breadcrumb":{"@id":"https:\/\/lightmienergy.be\/index.php\/massage-tuina\/#breadcrumb"},"inLanguage":"fr-FR","potentialAction":[{"@type":"ReadAction","target":["https:\/\/lightmienergy.be\/index.php\/massage-tuina\/"]}]},{"@type":"BreadcrumbList","@id":"https:\/\/lightmienergy.be\/index.php\/massage-tuina\/#breadcrumb","itemListElement":[{"@type":"ListItem","position":1,"name":"Accueil","item":"https:\/\/lightmienergy.be\/"},{"@type":"ListItem","position":2,"name":"Massage Tuina"}]},{"@type":"WebSite","@id":"https:\/\/lightmienergy.be\/#website","url":"https:\/\/lightmienergy.be\/","name":"Light Mi \u2019 Energy","description":"M\u00e9decine traditionnelle chinoise et \u00e9nerg\u00e9tique","publisher":{"@id":"https:\/\/lightmienergy.be\/#organization"},"potentialAction":[{"@type":"SearchAction","target":{"@type":"EntryPoint","urlTemplate":"https:\/\/lightmienergy.be\/?s={search_term_string}"},"query-input":"required name=search_term_string"}],"inLanguage":"fr-FR"},{"@type":"Organization","@id":"https:\/\/lightmienergy.be\/#organization","name":"Light Mi \u2019 Energy","url":"https:\/\/lightmienergy.be\/","sameAs":["https:\/\/www.facebook.com\/mireille.light.mi.energy\/"],"logo":{"@type":"ImageObject","inLanguage":"fr-FR","@id":"https:\/\/lightmienergy.be\/#\/schema\/logo\/image\/","url":"https:\/\/lightmienergy.be\/wp-content\/uploads\/2021\/09\/cropped-cropped-logo-arnaud.png","contentUrl":"https:\/\/lightmienergy.be\/wp-content\/uploads\/2021\/09\/cropped-cropped-logo-arnaud.png","width":512,"height":512,"caption":"Light  Mi \u2019 Energy"},"image":{"@id":"https:\/\/lightmienergy.be\/#\/schema\/logo\/image\/"}}]}},"_links":{"self":[{"href":"https:\/\/lightmienergy.be\/index.php\/wp-json\/wp\/v2\/pages\/1918"}],"collection":[{"href":"https:\/\/lightmienergy.be\/index.php\/wp-json\/wp\/v2\/pages"}],"about":[{"href":"https:\/\/lightmienergy.be\/index.php\/wp-json\/wp\/v2\/types\/page"}],"author":[{"embeddable":true,"href":"https:\/\/lightmienergy.be\/index.php\/wp-json\/wp\/v2\/users\/1"}],"replies":[{"embeddable":true,"href":"https:\/\/lightmienergy.be\/index.php\/wp-json\/wp\/v2\/comments?post=1918"}],"version-history":[{"count":5,"href":"https:\/\/lightmienergy.be\/index.php\/wp-json\/wp\/v2\/pages\/1918\/revisions"}],"predecessor-version":[{"id":1999,"href":"https:\/\/lightmienergy.be\/index.php\/wp-json\/wp\/v2\/pages\/1918\/revisions\/1999"}],"wp:attachment":[{"href":"https:\/\/lightmienergy.be\/index.php\/wp-json\/wp\/v2\/media?parent=1918"}],"curies":[{"name":"wp","href":"https:\/\/api.w.org\/{rel}","templated":true}]}}